{"id":77701,"date":"2021-02-05T13:00:40","date_gmt":"2021-02-05T13:00:40","guid":{"rendered":"http:\/\/wordpress.scheibe-stahl-service.de\/?page_id=77701"},"modified":"2021-05-18T11:17:19","modified_gmt":"2021-05-18T11:17:19","slug":"beschaffung-grobbleche-brammen","status":"publish","type":"page","link":"https:\/\/www.scheibe-stahl-service.de\/en\/leistungen\/beschaffung-grobbleche-brammen\/","title":{"rendered":"Beschaffung Grobbleche\/Brammen"},"content":{"rendered":"<p>[vc_row][vc_column width=&#8220;1\/4&#8243;][vc_column_text][vc_widget_sidebar sidebar_id=&#8220;sidebar&#8220;][\/vc_column_text][\/vc_column][vc_column width=&#8220;3\/4&#8243;][vc_column_text]Sie sind auf der Suche nach <strong>hochwertigen Grobblechen oder Brammen? Wir beschaffen sie! <\/strong><\/p>\n<p>Unsere Stahlbleche\/Brammen beziehen wir fast ausschlie\u00dflich von<strong> namhaften deutschen\/europ\u00e4ischen Stahlwerken<\/strong>. Auch G\u00fcten\/Qualit\u00e4ten, die wir nicht lagerm\u00e4\u00dfig f\u00fchren, k\u00f6nnen wir durch engen Kontakt zum Hersteller <strong>zeitnah <\/strong>organisieren. Durch unsere langj\u00e4hrige und gute Zusammenarbeit mit den Stahlproduzenten erhalten Sie als unser Kunde die <strong>Sicherheit einer stabilen und wertigen Produktqualit\u00e4t<\/strong>.<\/p>\n<p>Dementsprechend k\u00f6nnen Sie darauf vertrauen, dass Ihre Brennteile\/Brennzuschnitte einen hohen Qualit\u00e4tsstandard aufweisen werden.[\/vc_column_text][vc_btn title=&#8220;Ihre Anfrage&#8220; style=&#8220;custom&#8220; custom_background=&#8220;#008fd3&#8243; custom_text=&#8220;#ffffff&#8220; size=&#8220;sm&#8220; align=&#8220;left&#8220; custom_onclick=&#8220;true&#8220; el_class=&#8220;align-center&#8220; link=&#8220;url:https%3A%2F%2Fwordpress.scheibe-stahl-service.de%2Fkontakt%2F|title:Kontakt||&#8220; css=&#8220;.vc_custom_1615295109119{padding-top: 20px !important;}&#8220;][\/vc_column][\/vc_row]<\/p>","protected":false},"excerpt":{"rendered":"<p>[vc_row][vc_column width=&#8220;1\/4&#8243;][vc_column_text][vc_widget_sidebar sidebar_id=&#8220;sidebar&#8220;][\/vc_column_text][\/vc_column][vc_column width=&#8220;3\/4&#8243;][vc_column_text]Sie sind auf der Suche nach hochwertigen Grobblechen oder Brammen? Wir beschaffen sie! Unsere Stahlbleche\/Brammen beziehen wir fast ausschlie\u00dflich von namhaften deutschen\/europ\u00e4ischen Stahlwerken. Auch G\u00fcten\/Qualit\u00e4ten, die wir nicht lagerm\u00e4\u00dfig f\u00fchren, k\u00f6nnen wir durch engen Kontakt zum Hersteller zeitnah organisieren. Durch unsere langj\u00e4hrige und gute Zusammenarbeit mit den Stahlproduzenten erhalten Sie als unser [&hellip;]<\/p>","protected":false},"author":6,"featured_media":0,"parent":73053,"menu_order":0,"comment_status":"closed","ping_status":"closed","template":"","meta":{"_monsterinsights_skip_tracking":false,"_monsterinsights_sitenote_active":false,"_monsterinsights_sitenote_note":"","_monsterinsights_sitenote_category":0},"yoast_head":"<!-- This site is optimized with the Yoast SEO plugin v14.9 - https:\/\/yoast.com\/wordpress\/plugins\/seo\/ -->\n<title>Beschaffung Grobbleche\/Brammen - Scheibe Stahl Service - Herne<\/title>\n<meta name=\"description\" content=\"Scheibe Stahl Service \u2013 Ihr leistungsstarker Stahl Partner im Ruhrgebiet seit 1994: Brennschneiden | Richten | Strahlen | Umschlag | Lager\" \/>\n<meta name=\"robots\" content=\"index, follow, max-snippet:-1, max-image-preview:large, max-video-preview:-1\" \/>\n<link rel=\"canonical\" href=\"https:\/\/www.scheibe-stahl-service.de\/en\/leistungen\/beschaffung-grobbleche-brammen\/\" \/>\n<meta property=\"og:locale\" content=\"en_US\" \/>\n<meta property=\"og:type\" content=\"article\" \/>\n<meta property=\"og:title\" content=\"Beschaffung Grobbleche\/Brammen - Scheibe Stahl Service - Herne\" \/>\n<meta property=\"og:description\" content=\"Scheibe Stahl Service \u2013 Ihr leistungsstarker Stahl Partner im Ruhrgebiet seit 1994: Brennschneiden | Richten | Strahlen | Umschlag | Lager\" \/>\n<meta property=\"og:url\" content=\"https:\/\/www.scheibe-stahl-service.de\/en\/leistungen\/beschaffung-grobbleche-brammen\/\" \/>\n<meta property=\"og:site_name\" content=\"Scheibe Stahl Service\" \/>\n<meta property=\"article:modified_time\" content=\"2021-05-18T11:17:19+00:00\" \/>\n<meta name=\"twitter:card\" content=\"summary_large_image\" \/>\n<script type=\"application\/ld+json\" class=\"yoast-schema-graph\">{\"@context\":\"https:\/\/schema.org\",\"@graph\":[{\"@type\":\"WebSite\",\"@id\":\"https:\/\/www.scheibe-stahl-service.de\/en\/#website\",\"url\":\"https:\/\/www.scheibe-stahl-service.de\/en\/\",\"name\":\"Scheibe Stahl Service\",\"description\":\"Ihr Schneid- und Brennbetrieb speziell f\\u00fcr den Maschinen- und Pressenbau und die Offshore-Industrie.\",\"potentialAction\":[{\"@type\":\"SearchAction\",\"target\":\"https:\/\/www.scheibe-stahl-service.de\/en\/?s={search_term_string}\",\"query-input\":\"required name=search_term_string\"}],\"inLanguage\":\"en-US\"},{\"@type\":\"WebPage\",\"@id\":\"https:\/\/www.scheibe-stahl-service.de\/leistungen\/beschaffung-grobbleche-brammen\/#webpage\",\"url\":\"https:\/\/www.scheibe-stahl-service.de\/leistungen\/beschaffung-grobbleche-brammen\/\",\"name\":\"Beschaffung Grobbleche\/Brammen - Scheibe Stahl Service - Herne\",\"isPartOf\":{\"@id\":\"https:\/\/www.scheibe-stahl-service.de\/en\/#website\"},\"datePublished\":\"2021-02-05T13:00:40+00:00\",\"dateModified\":\"2021-05-18T11:17:19+00:00\",\"description\":\"Scheibe Stahl Service \\u2013 Ihr leistungsstarker Stahl Partner im Ruhrgebiet seit 1994: Brennschneiden | Richten | Strahlen | Umschlag | Lager\",\"inLanguage\":\"en-US\",\"potentialAction\":[{\"@type\":\"ReadAction\",\"target\":[\"https:\/\/www.scheibe-stahl-service.de\/leistungen\/beschaffung-grobbleche-brammen\/\"]}]}]}<\/script>\n<!-- \/ Yoast SEO plugin. -->","_links":{"self":[{"href":"https:\/\/www.scheibe-stahl-service.de\/en\/wp-json\/wp\/v2\/pages\/77701"}],"collection":[{"href":"https:\/\/www.scheibe-stahl-service.de\/en\/wp-json\/wp\/v2\/pages"}],"about":[{"href":"https:\/\/www.scheibe-stahl-service.de\/en\/wp-json\/wp\/v2\/types\/page"}],"author":[{"embeddable":true,"href":"https:\/\/www.scheibe-stahl-service.de\/en\/wp-json\/wp\/v2\/users\/6"}],"replies":[{"embeddable":true,"href":"https:\/\/www.scheibe-stahl-service.de\/en\/wp-json\/wp\/v2\/comments?post=77701"}],"version-history":[{"count":12,"href":"https:\/\/www.scheibe-stahl-service.de\/en\/wp-json\/wp\/v2\/pages\/77701\/revisions"}],"predecessor-version":[{"id":78123,"href":"https:\/\/www.scheibe-stahl-service.de\/en\/wp-json\/wp\/v2\/pages\/77701\/revisions\/78123"}],"up":[{"embeddable":true,"href":"https:\/\/www.scheibe-stahl-service.de\/en\/wp-json\/wp\/v2\/pages\/73053"}],"wp:attachment":[{"href":"https:\/\/www.scheibe-stahl-service.de\/en\/wp-json\/wp\/v2\/media?parent=77701"}],"curies":[{"name":"wp","href":"https:\/\/api.w.org\/{rel}","templated":true}]}}