{"id":75554,"date":"2020-05-21T17:16:54","date_gmt":"2020-05-21T17:16:54","guid":{"rendered":"http:\/\/wordpress.scheibe-stahl-service.de\/?page_id=75554"},"modified":"2021-03-22T14:51:34","modified_gmt":"2021-03-22T14:51:34","slug":"referenzen","status":"publish","type":"page","link":"https:\/\/www.scheibe-stahl-service.de\/en\/referenzen\/","title":{"rendered":"Referenzen"},"content":{"rendered":"<p>[vc_row][vc_column]\n\t\t\t<!-- START Beschaffung  Leistungen REVOLUTION SLIDER 6.1.8 --><p class=\"rs-p-wp-fix\"><\/p>\n\t\t\t<rs-module-wrap id=\"rev_slider_40_1_wrapper\" data-source=\"gallery\" style=\"background:transparent;padding:0;margin:0px auto;margin-top:0;margin-bottom:0;\">\n\t\t\t\t<rs-module id=\"rev_slider_40_1\" style=\"display:none;\" data-version=\"6.1.8\">\n\t\t\t\t\t<rs-slides>\n\t\t\t\t\t\t<rs-slide data-key=\"rs-109\" data-title=\"Slide\" data-thumb=\"\/\/wordpress.scheibe-stahl-service.de\/wp-content\/uploads\/2020\/10\/IMG_4636_Brennteil.jpeg\" data-anim=\"ei:d;eo:d;s:1000;r:0;t:fade;sl:0;\">\n\t\t\t\t\t\t\t<img src=\"\/\/wordpress.scheibe-stahl-service.de\/wp-content\/uploads\/2020\/10\/IMG_4636_Brennteil.jpeg\" title=\"Brennteil aus 55 Tonnen Stahlbleche\" width=\"2048\" height=\"1536\" data-bg=\"p:60% 60%;f:auto;\" class=\"rev-slidebg\" data-no-retina>\n<!--\n\t\t\t\t\t\t\t--><rs-layer\n\t\t\t\t\t\t\t\tid=\"slider-40-slide-109-layer-1\" \n\t\t\t\t\t\t\t\tdata-type=\"shape\"\n\t\t\t\t\t\t\t\tdata-rsp_ch=\"on\"\n\t\t\t\t\t\t\t\tdata-text=\"w:normal;s:20,17,12,7;l:0,21,15,9;\"\n\t\t\t\t\t\t\t\tdata-dim=\"w:420px,358px,271px,167px;h:100%;\"\n\t\t\t\t\t\t\t\tdata-frame_0=\"x:-50,-42,-31,-19;\"\n\t\t\t\t\t\t\t\tdata-frame_1=\"sp:1000;\"\n\t\t\t\t\t\t\t\tdata-frame_999=\"x:right;o:0;st:w;sp:1000;sR:8000;\"\n\t\t\t\t\t\t\t\tstyle=\"z-index:8;background-color:rgba(0,0,0,0.5);\"\n\t\t\t\t\t\t\t> \n\t\t\t\t\t\t\t<\/rs-layer><!--\n\n\t\t\t\t\t\t\t--><rs-layer\n\t\t\t\t\t\t\t\tid=\"slider-40-slide-109-layer-2\" \n\t\t\t\t\t\t\t\tdata-type=\"text\"\n\t\t\t\t\t\t\t\tdata-color=\"#fff\"\n\t\t\t\t\t\t\t\tdata-tsh=\"c:rgba(0,0,0,0.75);h:7px,5px,3px,1px;v:7px,5px,3px,1px;b:10px,8px,6px,3px;\"\n\t\t\t\t\t\t\t\tdata-rsp_ch=\"on\"\n\t\t\t\t\t\t\t\tdata-xy=\"xo:50px,50px,50px,30px;yo:180px,290px,410px,280px;\"\n\t\t\t\t\t\t\t\tdata-text=\"w:normal;s:41,34,25,16;l:46,39,29,19;ls:1,0,0,0;fw:500;\"\n\t\t\t\t\t\t\t\tdata-dim=\"minh:0,none,none,none;\"\n\t\t\t\t\t\t\t\tdata-frame_0=\"x:-69px,-58px,-44px,-29px;\"\n\t\t\t\t\t\t\t\tdata-frame_1=\"sp:1000;\"\n\t\t\t\t\t\t\t\tdata-frame_999=\"x:right;o:0;st:w;sp:1000;sR:8000;\"\n\t\t\t\t\t\t\t\tstyle=\"z-index:10;font-family:Roboto;\"\n\t\t\t\t\t\t\t>Pressenbau<br \/>\nMaschinenbau \n\t\t\t\t\t\t\t<\/rs-layer><!--\n\n\t\t\t\t\t\t\t--><a\n\t\t\t\t\t\t\t\tid=\"slider-40-slide-109-layer-8\" \n\t\t\t\t\t\t\t\tclass=\"rs-layer rev-btn\"\n\t\t\t\t\t\t\t\thref=\"https:\/\/wordpress.scheibe-stahl-service.de\/referenzen\/maschinenbau\/\" target=\"_self\" rel=\"nofollow\"\n\t\t\t\t\t\t\t\tdata-type=\"button\"\n\t\t\t\t\t\t\t\tdata-rsp_ch=\"on\"\n\t\t\t\t\t\t\t\tdata-xy=\"xo:50px,50px,50px,30px;y:b;yo:240px,300px,420px,300px;\"\n\t\t\t\t\t\t\t\tdata-text=\"w:normal;s:17,14,10,10;l:40,34,25,26;fw:500;\"\n\t\t\t\t\t\t\t\tdata-dim=\"minh:0px,none,none,none;\"\n\t\t\t\t\t\t\t\tdata-padding=\"r:25,21,16,17;l:25,21,16,17;\"\n\t\t\t\t\t\t\t\tdata-border=\"bos:solid;boc:rgba(255,255,255,0.35);bow:1px,1px,1px,1px;\"\n\t\t\t\t\t\t\t\tdata-frame_0=\"x:0,0,0,0px;y:0,0,0,0px;\"\n\t\t\t\t\t\t\t\tdata-frame_1=\"x:0,0,0,0px;y:0,0,0,0px;sp:1000;\"\n\t\t\t\t\t\t\t\tdata-frame_999=\"o:0;st:w;sp:1000;sR:8000;\"\n\t\t\t\t\t\t\t\tdata-frame_hover=\"bgc:rgba(0,0,0,0);boc:rgba(255,255,255,0.75);bor:0px,0px,0px,0px;bos:solid;bow:1px,1px,1px,1px;e:Power1.easeInOut;\"\n\t\t\t\t\t\t\t\tstyle=\"z-index:12;background-color:rgba(0,0,0,0);font-family:Roboto;\"\n\t\t\t\t\t\t\t>mehr Infos \n\t\t\t\t\t\t\t<\/a><!--\n-->\t\t\t\t\t\t<\/rs-slide>\n\t\t\t\t\t\t<rs-slide data-key=\"rs-124\" data-title=\"Slide\" data-thumb=\"\/\/wordpress.scheibe-stahl-service.de\/wp-content\/uploads\/2021\/03\/Unbenannt2.png\" data-anim=\"ei:d;eo:d;s:1000;r:0;t:fade;sl:0;\">\n\t\t\t\t\t\t\t<img src=\"\/\/wordpress.scheibe-stahl-service.de\/wp-content\/uploads\/2021\/03\/Unbenannt2.png\" title=\"Offshore\" width=\"4623\" height=\"1946\" class=\"rev-slidebg\" data-no-retina>\n<!--\n\t\t\t\t\t\t\t--><rs-layer\n\t\t\t\t\t\t\t\tid=\"slider-40-slide-124-layer-1\" \n\t\t\t\t\t\t\t\tdata-type=\"shape\"\n\t\t\t\t\t\t\t\tdata-rsp_ch=\"on\"\n\t\t\t\t\t\t\t\tdata-text=\"w:normal;s:20,17,12,7;l:0,21,15,9;\"\n\t\t\t\t\t\t\t\tdata-dim=\"w:420px,358px,271px,167px;h:100%;\"\n\t\t\t\t\t\t\t\tdata-frame_0=\"x:-50,-42,-31,-19;\"\n\t\t\t\t\t\t\t\tdata-frame_1=\"sp:1000;\"\n\t\t\t\t\t\t\t\tdata-frame_999=\"x:right;o:0;st:w;sp:1000;sR:8000;\"\n\t\t\t\t\t\t\t\tstyle=\"z-index:8;background-color:rgba(0,0,0,0.5);\"\n\t\t\t\t\t\t\t> \n\t\t\t\t\t\t\t<\/rs-layer><!--\n\n\t\t\t\t\t\t\t--><rs-layer\n\t\t\t\t\t\t\t\tid=\"slider-40-slide-124-layer-2\" \n\t\t\t\t\t\t\t\tdata-type=\"text\"\n\t\t\t\t\t\t\t\tdata-color=\"#fff\"\n\t\t\t\t\t\t\t\tdata-tsh=\"c:rgba(0,0,0,0.75);h:7px,5px,3px,1px;v:7px,5px,3px,1px;b:10px,8px,6px,3px;\"\n\t\t\t\t\t\t\t\tdata-rsp_ch=\"on\"\n\t\t\t\t\t\t\t\tdata-xy=\"xo:50px,50px,50px,30px;yo:180px,290px,410px,280px;\"\n\t\t\t\t\t\t\t\tdata-text=\"w:normal;s:41,34,25,16;l:46,39,29,19;ls:1,0,0,0;fw:500;\"\n\t\t\t\t\t\t\t\tdata-dim=\"minh:0,none,none,none;\"\n\t\t\t\t\t\t\t\tdata-frame_0=\"x:-69px,-58px,-44px,-29px;\"\n\t\t\t\t\t\t\t\tdata-frame_1=\"sp:1000;\"\n\t\t\t\t\t\t\t\tdata-frame_999=\"x:right;o:0;st:w;sp:1000;sR:8000;\"\n\t\t\t\t\t\t\t\tstyle=\"z-index:10;font-family:Roboto;\"\n\t\t\t\t\t\t\t>Offshore<br \/>\nWindkraft \n\t\t\t\t\t\t\t<\/rs-layer><!--\n\n\t\t\t\t\t\t\t--><a\n\t\t\t\t\t\t\t\tid=\"slider-40-slide-124-layer-8\" \n\t\t\t\t\t\t\t\tclass=\"rs-layer rev-btn\"\n\t\t\t\t\t\t\t\thref=\"https:\/\/wordpress.scheibe-stahl-service.de\/referenzen\/offshore-windkraft\/\" target=\"_self\" rel=\"nofollow\"\n\t\t\t\t\t\t\t\tdata-type=\"button\"\n\t\t\t\t\t\t\t\tdata-rsp_ch=\"on\"\n\t\t\t\t\t\t\t\tdata-xy=\"xo:50px,50px,50px,30px;y:b;yo:240px,300px,420px,300px;\"\n\t\t\t\t\t\t\t\tdata-text=\"w:normal;s:17,14,10,10;l:40,34,25,26;fw:500;\"\n\t\t\t\t\t\t\t\tdata-dim=\"minh:0px,none,none,none;\"\n\t\t\t\t\t\t\t\tdata-padding=\"r:25,21,16,17;l:25,21,16,17;\"\n\t\t\t\t\t\t\t\tdata-border=\"bos:solid;boc:rgba(255,255,255,0.35);bow:1px,1px,1px,1px;\"\n\t\t\t\t\t\t\t\tdata-frame_0=\"x:0,0,0,0px;y:0,0,0,0px;\"\n\t\t\t\t\t\t\t\tdata-frame_1=\"x:0,0,0,0px;y:0,0,0,0px;sp:1000;\"\n\t\t\t\t\t\t\t\tdata-frame_999=\"o:0;st:w;sp:1000;sR:8000;\"\n\t\t\t\t\t\t\t\tdata-frame_hover=\"bgc:rgba(0,0,0,0);boc:rgba(255,255,255,0.75);bor:0px,0px,0px,0px;bos:solid;bow:1px,1px,1px,1px;e:Power1.easeInOut;\"\n\t\t\t\t\t\t\t\tstyle=\"z-index:12;background-color:rgba(0,0,0,0);font-family:Roboto;\"\n\t\t\t\t\t\t\t>mehr Infos \n\t\t\t\t\t\t\t<\/a><!--\n-->\t\t\t\t\t\t<\/rs-slide>\n\t\t\t\t\t\t<rs-slide data-key=\"rs-125\" data-title=\"Slide\" data-thumb=\"\/\/wordpress.scheibe-stahl-service.de\/wp-content\/uploads\/2021\/03\/Unbenannt.png\" data-anim=\"ei:d;eo:d;s:1000;r:0;t:fade;sl:0;\">\n\t\t\t\t\t\t\t<img src=\"\/\/wordpress.scheibe-stahl-service.de\/wp-content\/uploads\/2021\/03\/Unbenannt.png\" title=\"Unbenannt\" width=\"3674\" height=\"2449\" data-bg=\"p:50% 52%;\" class=\"rev-slidebg\" data-no-retina>\n<!--\n\t\t\t\t\t\t\t--><rs-layer\n\t\t\t\t\t\t\t\tid=\"slider-40-slide-125-layer-1\" \n\t\t\t\t\t\t\t\tdata-type=\"shape\"\n\t\t\t\t\t\t\t\tdata-rsp_ch=\"on\"\n\t\t\t\t\t\t\t\tdata-text=\"w:normal;s:20,17,12,7;l:0,21,15,9;\"\n\t\t\t\t\t\t\t\tdata-dim=\"w:420px,358px,271px,167px;h:100%;\"\n\t\t\t\t\t\t\t\tdata-frame_0=\"x:-50,-42,-31,-19;\"\n\t\t\t\t\t\t\t\tdata-frame_1=\"sp:1000;\"\n\t\t\t\t\t\t\t\tdata-frame_999=\"x:right;o:0;st:w;sp:1000;sR:8000;\"\n\t\t\t\t\t\t\t\tstyle=\"z-index:8;background-color:rgba(0,0,0,0.5);\"\n\t\t\t\t\t\t\t> \n\t\t\t\t\t\t\t<\/rs-layer><!--\n\n\t\t\t\t\t\t\t--><rs-layer\n\t\t\t\t\t\t\t\tid=\"slider-40-slide-125-layer-2\" \n\t\t\t\t\t\t\t\tdata-type=\"text\"\n\t\t\t\t\t\t\t\tdata-color=\"#fff\"\n\t\t\t\t\t\t\t\tdata-tsh=\"c:rgba(0,0,0,0.75);h:7px,5px,3px,1px;v:7px,5px,3px,1px;b:10px,8px,6px,3px;\"\n\t\t\t\t\t\t\t\tdata-rsp_ch=\"on\"\n\t\t\t\t\t\t\t\tdata-xy=\"xo:50px,50px,50px,30px;yo:180px,290px,410px,280px;\"\n\t\t\t\t\t\t\t\tdata-text=\"w:normal;s:41,34,25,16;l:46,39,29,19;ls:1,0,0,0;fw:500;\"\n\t\t\t\t\t\t\t\tdata-dim=\"minh:0,none,none,none;\"\n\t\t\t\t\t\t\t\tdata-frame_0=\"x:-69px,-58px,-44px,-29px;\"\n\t\t\t\t\t\t\t\tdata-frame_1=\"sp:1000;\"\n\t\t\t\t\t\t\t\tdata-frame_999=\"x:right;o:0;st:w;sp:1000;sR:8000;\"\n\t\t\t\t\t\t\t\tstyle=\"z-index:10;font-family:Roboto;\"\n\t\t\t\t\t\t\t>Baumaschinen<br \/>\nYellow Goods<br \/>\n \n\t\t\t\t\t\t\t<\/rs-layer><!--\n\n\t\t\t\t\t\t\t--><a\n\t\t\t\t\t\t\t\tid=\"slider-40-slide-125-layer-8\" \n\t\t\t\t\t\t\t\tclass=\"rs-layer rev-btn\"\n\t\t\t\t\t\t\t\thref=\"https:\/\/wordpress.scheibe-stahl-service.de\/referenzen\/baumaschinen-yellow-goods\/\" target=\"_self\" rel=\"nofollow\"\n\t\t\t\t\t\t\t\tdata-type=\"button\"\n\t\t\t\t\t\t\t\tdata-rsp_ch=\"on\"\n\t\t\t\t\t\t\t\tdata-xy=\"xo:50px,50px,50px,30px;y:b;yo:240px,300px,420px,300px;\"\n\t\t\t\t\t\t\t\tdata-text=\"w:normal;s:17,14,10,10;l:40,34,25,26;fw:500;\"\n\t\t\t\t\t\t\t\tdata-dim=\"minh:0px,none,none,none;\"\n\t\t\t\t\t\t\t\tdata-padding=\"r:25,21,16,17;l:25,21,16,17;\"\n\t\t\t\t\t\t\t\tdata-border=\"bos:solid;boc:rgba(255,255,255,0.35);bow:1px,1px,1px,1px;\"\n\t\t\t\t\t\t\t\tdata-frame_0=\"x:0,0,0,0px;y:0,0,0,0px;\"\n\t\t\t\t\t\t\t\tdata-frame_1=\"x:0,0,0,0px;y:0,0,0,0px;sp:1000;\"\n\t\t\t\t\t\t\t\tdata-frame_999=\"o:0;st:w;sp:1000;sR:8000;\"\n\t\t\t\t\t\t\t\tdata-frame_hover=\"bgc:rgba(0,0,0,0);boc:rgba(255,255,255,0.75);bor:0px,0px,0px,0px;bos:solid;bow:1px,1px,1px,1px;e:Power1.easeInOut;\"\n\t\t\t\t\t\t\t\tstyle=\"z-index:12;background-color:rgba(0,0,0,0);font-family:Roboto;\"\n\t\t\t\t\t\t\t>mehr Infos \n\t\t\t\t\t\t\t<\/a><!--\n-->\t\t\t\t\t\t<\/rs-slide>\n\t\t\t\t\t<\/rs-slides>\n\t\t\t\t\t<rs-progress class=\"rs-bottom\" style=\"visibility: hidden !important;\"><\/rs-progress>\n\t\t\t\t<\/rs-module>\n\t\t\t\t<script type=\"text\/javascript\">\n\t\t\t\t\tsetREVStartSize({c: 'rev_slider_40_1',rl:[1240,1024,778,480],el:[600,768,960,720],gw:[1200,1024,778,480],gh:[600,768,960,720],type:'standard',justify:'',layout:'fullwidth',mh:\"0\"});\n\t\t\t\t\tvar\trevapi40,\n\t\t\t\t\t\ttpj;\n\t\t\t\t\tjQuery(function() {\n\t\t\t\t\t\ttpj = jQuery;\n\t\t\t\t\t\tif(tpj(\"#rev_slider_40_1\").revolution == undefined){\n\t\t\t\t\t\t\trevslider_showDoubleJqueryError(\"#rev_slider_40_1\");\n\t\t\t\t\t\t}else{\n\t\t\t\t\t\t\trevapi40 = tpj(\"#rev_slider_40_1\").show().revolution({\n\t\t\t\t\t\t\t\tjsFileLocation:\"\/\/www.scheibe-stahl-service.de\/wp-content\/plugins\/revslider\/public\/assets\/js\/\",\n\t\t\t\t\t\t\t\tsliderLayout:\"fullwidth\",\n\t\t\t\t\t\t\t\tvisibilityLevels:\"1240,1024,778,480\",\n\t\t\t\t\t\t\t\tgridwidth:\"1200,1024,778,480\",\n\t\t\t\t\t\t\t\tgridheight:\"600,768,960,720\",\n\t\t\t\t\t\t\t\tspinner:\"spinner7\",\n\t\t\t\t\t\t\t\teditorheight:\"600,768,960,720\",\n\t\t\t\t\t\t\t\tresponsiveLevels:\"1240,1024,778,480\",\n\t\t\t\t\t\t\t\tdisableProgressBar:\"on\",\n\t\t\t\t\t\t\t\tnavigation: {\n\t\t\t\t\t\t\t\t\tonHoverStop:false,\n\t\t\t\t\t\t\t\t\tarrows: {\n\t\t\t\t\t\t\t\t\t\tenable:true,\n\t\t\t\t\t\t\t\t\t\tstyle:\"hesperiden\",\n\t\t\t\t\t\t\t\t\t\tleft: {\n\t\t\t\t\t\t\t\t\t\t\th_offset:0\n\t\t\t\t\t\t\t\t\t\t},\n\t\t\t\t\t\t\t\t\t\tright: {\n\t\t\t\t\t\t\t\t\t\t\th_offset:0\n\t\t\t\t\t\t\t\t\t\t}\n\t\t\t\t\t\t\t\t\t}\n\t\t\t\t\t\t\t\t},\n\t\t\t\t\t\t\t\tfallbacks: {\n\t\t\t\t\t\t\t\t\tallowHTML5AutoPlayOnAndroid:true\n\t\t\t\t\t\t\t\t},\n\t\t\t\t\t\t\t});\n\t\t\t\t\t\t}\n\t\t\t\t\t\t\n\t\t\t\t\t});\n\t\t\t\t<\/script>\n\t\t\t\t<script>\n\t\t\t\t\tvar htmlDivCss = unescape(\"%23rev_slider_40_1_wrapper%20.hesperiden.tparrows%20%7B%0A%09cursor%3Apointer%3B%0A%09background%3Argba%280%2C0%2C0%2C0.5%29%3B%0A%09width%3A40px%3B%0A%09height%3A40px%3B%0A%09position%3Aabsolute%3B%0A%09display%3Ablock%3B%0A%09z-index%3A1000%3B%0A%20%20%20%20border-radius%3A%2050%25%3B%0A%7D%0A%23rev_slider_40_1_wrapper%20.hesperiden.tparrows%3Ahover%20%7B%0A%09background%3A%23000000%3B%0A%7D%0A%23rev_slider_40_1_wrapper%20.hesperiden.tparrows%3Abefore%20%7B%0A%09font-family%3A%20%27revicons%27%3B%0A%09font-size%3A20px%3B%0A%09color%3A%23ffffff%3B%0A%09display%3Ablock%3B%0A%09line-height%3A%2040px%3B%0A%09text-align%3A%20center%3B%0A%7D%0A%23rev_slider_40_1_wrapper%20.hesperiden.tparrows.tp-leftarrow%3Abefore%20%7B%0A%09content%3A%20%27%5Ce82c%27%3B%0A%20%20%20%20margin-left%3A-3px%3B%0A%7D%0A%23rev_slider_40_1_wrapper%20.hesperiden.tparrows.tp-rightarrow%3Abefore%20%7B%0A%09content%3A%20%27%5Ce82d%27%3B%0A%20%20%20%20margin-right%3A-3px%3B%0A%7D%0A\");\n\t\t\t\t\tvar htmlDiv = document.getElementById('rs-plugin-settings-inline-css');\n\t\t\t\t\tif(htmlDiv) {\n\t\t\t\t\t\thtmlDiv.innerHTML = htmlDiv.innerHTML + htmlDivCss;\n\t\t\t\t\t}else{\n\t\t\t\t\t\tvar htmlDiv = document.createElement('div');\n\t\t\t\t\t\thtmlDiv.innerHTML = '<style>' + htmlDivCss + '<\/style>';\n\t\t\t\t\t\tdocument.getElementsByTagName('head')[0].appendChild(htmlDiv.childNodes[0]);\n\t\t\t\t\t}\n\t\t\t\t<\/script>\n\t\t\t\t<script>\n\t\t\t\t\tvar htmlDivCss = unescape(\"%0A%0A%0A\");\n\t\t\t\t\tvar htmlDiv = document.getElementById('rs-plugin-settings-inline-css');\n\t\t\t\t\tif(htmlDiv) {\n\t\t\t\t\t\thtmlDiv.innerHTML = htmlDiv.innerHTML + htmlDivCss;\n\t\t\t\t\t}else{\n\t\t\t\t\t\tvar htmlDiv = document.createElement('div');\n\t\t\t\t\t\thtmlDiv.innerHTML = '<style>' + htmlDivCss + '<\/style>';\n\t\t\t\t\t\tdocument.getElementsByTagName('head')[0].appendChild(htmlDiv.childNodes[0]);\n\t\t\t\t\t}\n\t\t\t\t<\/script>\n\t\t\t<\/rs-module-wrap>\n\t\t\t<!-- END REVOLUTION SLIDER -->\n[vc_empty_space][vc_column_text]<\/p>\n<p style=\"text-align: center;\">Vertrauen, Zuverl\u00e4ssigkeit und gute Arbeit sind das Fundament einer jeden Gesch\u00e4ftsbeziehung.\u00a0Wir pflegen diese Grunds\u00e4tze, die dazu beitragen,<br \/>\ndass wir <strong>langj\u00e4hrige<\/strong>, <strong>ehrliche<\/strong> und <strong>gute Gesch\u00e4ftspartner sowie Kunden<\/strong> an unserer Seite haben.<\/p>\n<p style=\"text-align: center;\">Somit k\u00f6nnen wir hervorragende <strong>Referenzen<\/strong> in folgenden Bereichen der Fertigung nachweisen:<\/p>\n<p>[\/vc_column_text][vc_empty_space][\/vc_column][\/vc_row][vc_row][vc_column width=&#8220;1\/4&#8243;][\/vc_column][vc_column width=&#8220;1\/2&#8243;][vc_column_text]<\/p>\n<ul>\n<li style=\"list-style-type: none;\">\n<ul class=\"listing\">\n<li style=\"list-style-type: none;\">\n<ul class=\"listing\">\n<li><i class=\"fa fa-check\"><\/i>Bauteile f\u00fcr den Pressenbau und Maschinenbau<\/li>\n<li><i class=\"fa fa-check\"><\/i>Blechbearbeitung f\u00fcr die Offshore-Industrie<\/li>\n<li><i class=\"fa fa-check\"><\/i>Stahlformteile f\u00fcr Baumaschinen\/Yellow Goods, Werkzeugmaschinen<\/li>\n<\/ul>\n<\/li>\n<\/ul>\n<\/li>\n<\/ul>\n<p>[\/vc_column_text][\/vc_column][vc_column width=&#8220;1\/4&#8243;][\/vc_column][\/vc_row][vc_row background_color=&#8220;#ffffff&#8220; animation_settings=&#8220;enter bottom&#8220; el_class=&#8220;ausblenden&#8220;][vc_column width=&#8220;1\/2&#8243; css=&#8220;.vc_custom_1594886089572{margin-bottom: 70px !important;}&#8220;][vc_column_text]<\/p>\n<p style=\"text-align: center;\"><a href=\"https:\/\/wordpress.scheibe-stahl-service.de\/referenzen\/maschinenbau\/\"><img decoding=\"async\" loading=\"lazy\" class=\"wp-image-77386 size-large aligncenter\" src=\"https:\/\/wordpress.scheibe-stahl-service.de\/wp-content\/uploads\/2020\/11\/IMG_008_2016-scaled-e1605610564496-1024x767.jpg\" alt=\"\" width=\"640\" height=\"480\" srcset=\"https:\/\/www.scheibe-stahl-service.de\/wp-content\/uploads\/2020\/11\/IMG_008_2016-scaled-e1605610564496-1024x767.jpg 1024w, https:\/\/www.scheibe-stahl-service.de\/wp-content\/uploads\/2020\/11\/IMG_008_2016-scaled-e1605610564496-300x225.jpg 300w, https:\/\/www.scheibe-stahl-service.de\/wp-content\/uploads\/2020\/11\/IMG_008_2016-scaled-e1605610564496-768x575.jpg 768w, https:\/\/www.scheibe-stahl-service.de\/wp-content\/uploads\/2020\/11\/IMG_008_2016-scaled-e1605610564496-1536x1151.jpg 1536w, https:\/\/www.scheibe-stahl-service.de\/wp-content\/uploads\/2020\/11\/IMG_008_2016-scaled-e1605610564496-2048x1535.jpg 2048w\" sizes=\"(max-width: 640px) 100vw, 640px\" \/><\/a><\/p>\n<h4 style=\"text-align: center;\"><span style=\"color: #008fd3;\"><a style=\"color: #008fd3;\" href=\"https:\/\/wordpress.scheibe-stahl-service.de\/referenzen\/maschinenbau\/\">Maschinenbau<\/a><\/span><\/h4>\n<p>[\/vc_column_text][vc_button2 title=&#8220;Mehr&#8220; align=&#8220;center&#8220; style=&#8220;square&#8220; color=&#8220;grey&#8220; link=&#8220;url:https%3A%2F%2Fwordpress.scheibe-stahl-service.de%2Freferenzen%2Fmaschinenbau%2F|title:Brennschneiden||&#8220; el_class=&#8220;ghost struct&#8220;][\/vc_column][vc_column width=&#8220;1\/2&#8243;][vc_column_text]<\/p>\n<p style=\"text-align: center;\"><a href=\"https:\/\/wordpress.scheibe-stahl-service.de\/referenzen\/pressenbau\/\"><img decoding=\"async\" loading=\"lazy\" class=\"wp-image-77305 size-large aligncenter\" src=\"https:\/\/wordpress.scheibe-stahl-service.de\/wp-content\/uploads\/2020\/11\/Brennschneiden_97-1024x768.jpeg\" alt=\"\" width=\"640\" height=\"480\" srcset=\"https:\/\/www.scheibe-stahl-service.de\/wp-content\/uploads\/2020\/11\/Brennschneiden_97-1024x768.jpeg 1024w, https:\/\/www.scheibe-stahl-service.de\/wp-content\/uploads\/2020\/11\/Brennschneiden_97-300x225.jpeg 300w, https:\/\/www.scheibe-stahl-service.de\/wp-content\/uploads\/2020\/11\/Brennschneiden_97-768x576.jpeg 768w, https:\/\/www.scheibe-stahl-service.de\/wp-content\/uploads\/2020\/11\/Brennschneiden_97-1536x1152.jpeg 1536w, https:\/\/www.scheibe-stahl-service.de\/wp-content\/uploads\/2020\/11\/Brennschneiden_97.jpeg 2048w\" sizes=\"(max-width: 640px) 100vw, 640px\" \/><\/a><\/p>\n<h4 style=\"text-align: center;\"><span style=\"color: #008fd3;\"><a style=\"color: #008fd3;\" href=\"https:\/\/wordpress.scheibe-stahl-service.de\/referenzen\/pressenbau\/\">Pressenbau<\/a><\/span><\/h4>\n<p>[\/vc_column_text][vc_button2 title=&#8220;Mehr&#8220; align=&#8220;center&#8220; style=&#8220;square&#8220; color=&#8220;grey&#8220; link=&#8220;url:https%3A%2F%2Fwordpress.scheibe-stahl-service.de%2Freferenzen%2Fpressenbau%2F|title:Maschinenbau||&#8220; el_class=&#8220;ghost struct&#8220;][\/vc_column][\/vc_row][vc_row background_color=&#8220;#ffffff&#8220; animation_settings=&#8220;enter bottom&#8220; el_class=&#8220;ausblenden&#8220;][vc_column width=&#8220;1\/2&#8243; css=&#8220;.vc_custom_1594886089572{margin-bottom: 70px !important;}&#8220;][vc_column_text]<\/p>\n<p style=\"text-align: center;\"><a href=\"https:\/\/wordpress.scheibe-stahl-service.de\/referenzen\/offshore\/\"><img decoding=\"async\" loading=\"lazy\" class=\"aligncenter wp-image-77071 size-large\" src=\"https:\/\/wordpress.scheibe-stahl-service.de\/wp-content\/uploads\/2020\/10\/IMG_3176_Conenbleche-Sif-1024x768.jpeg\" alt=\"\" width=\"640\" height=\"480\" srcset=\"https:\/\/www.scheibe-stahl-service.de\/wp-content\/uploads\/2020\/10\/IMG_3176_Conenbleche-Sif-1024x768.jpeg 1024w, https:\/\/www.scheibe-stahl-service.de\/wp-content\/uploads\/2020\/10\/IMG_3176_Conenbleche-Sif-300x225.jpeg 300w, https:\/\/www.scheibe-stahl-service.de\/wp-content\/uploads\/2020\/10\/IMG_3176_Conenbleche-Sif-768x576.jpeg 768w, https:\/\/www.scheibe-stahl-service.de\/wp-content\/uploads\/2020\/10\/IMG_3176_Conenbleche-Sif-1536x1152.jpeg 1536w, https:\/\/www.scheibe-stahl-service.de\/wp-content\/uploads\/2020\/10\/IMG_3176_Conenbleche-Sif-120x90.jpeg 120w, https:\/\/www.scheibe-stahl-service.de\/wp-content\/uploads\/2020\/10\/IMG_3176_Conenbleche-Sif.jpeg 2048w\" sizes=\"(max-width: 640px) 100vw, 640px\" \/><\/a><\/p>\n<h4 style=\"text-align: center;\"><span style=\"color: #008fd3;\"><a style=\"color: #008fd3;\" href=\"https:\/\/wordpress.scheibe-stahl-service.de\/referenzen\/offshore\/\">Offshore<\/a><\/span><\/h4>\n<p>[\/vc_column_text][vc_button2 title=&#8220;Mehr&#8220; align=&#8220;center&#8220; style=&#8220;square&#8220; color=&#8220;grey&#8220; link=&#8220;url:https%3A%2F%2Fwordpress.scheibe-stahl-service.de%2Freferenzen__trashed-2%2Foffshore%2F|title:Brennschneiden||&#8220; el_class=&#8220;ghost struct&#8220;][\/vc_column][vc_column width=&#8220;1\/2&#8243;][vc_column_text]<\/p>\n<p style=\"text-align: center;\"><a href=\"https:\/\/wordpress.scheibe-stahl-service.de\/referenzen\/formteile\/\"><img decoding=\"async\" loading=\"lazy\" class=\"aligncenter wp-image-75485 size-large\" src=\"https:\/\/wordpress.scheibe-stahl-service.de\/wp-content\/uploads\/2020\/05\/Scheibe_StahlService_Herne-216-1024x768.jpg\" alt=\"\" width=\"640\" height=\"480\" srcset=\"https:\/\/www.scheibe-stahl-service.de\/wp-content\/uploads\/2020\/05\/Scheibe_StahlService_Herne-216-1024x768.jpg 1024w, https:\/\/www.scheibe-stahl-service.de\/wp-content\/uploads\/2020\/05\/Scheibe_StahlService_Herne-216-300x225.jpg 300w, https:\/\/www.scheibe-stahl-service.de\/wp-content\/uploads\/2020\/05\/Scheibe_StahlService_Herne-216-768x576.jpg 768w, https:\/\/www.scheibe-stahl-service.de\/wp-content\/uploads\/2020\/05\/Scheibe_StahlService_Herne-216-1536x1152.jpg 1536w, https:\/\/www.scheibe-stahl-service.de\/wp-content\/uploads\/2020\/05\/Scheibe_StahlService_Herne-216-2048x1536.jpg 2048w\" sizes=\"(max-width: 640px) 100vw, 640px\" \/><\/a><\/p>\n<h4 style=\"text-align: center;\"><span style=\"color: #008fd3;\"><a style=\"color: #008fd3;\" href=\"https:\/\/wordpress.scheibe-stahl-service.de\/referenzen\/formteile\/\">Formteile<\/a><\/span><\/h4>\n<p>[\/vc_column_text][vc_button2 title=&#8220;Mehr&#8220; align=&#8220;center&#8220; style=&#8220;square&#8220; color=&#8220;grey&#8220; link=&#8220;url:https%3A%2F%2Fwordpress.scheibe-stahl-service.de%2Freferenzen__trashed-2%2Foffshore%2F|title:Brennschneiden||&#8220; el_class=&#8220;ghost struct&#8220;][\/vc_column][\/vc_row][vc_row][vc_column][vc_column_text]<\/p>\n<p>[\/vc_column_text][\/vc_column][\/vc_row]<\/p>","protected":false},"excerpt":{"rendered":"<p>[vc_row][vc_column][vc_empty_space][vc_column_text] Vertrauen, Zuverl\u00e4ssigkeit und gute Arbeit sind das Fundament einer jeden Gesch\u00e4ftsbeziehung.\u00a0Wir pflegen diese Grunds\u00e4tze, die dazu beitragen, dass wir langj\u00e4hrige, ehrliche und gute Gesch\u00e4ftspartner sowie Kunden an unserer Seite haben. Somit k\u00f6nnen wir hervorragende Referenzen in folgenden Bereichen der Fertigung nachweisen: [\/vc_column_text][vc_empty_space][\/vc_column][\/vc_row][vc_row][vc_column width=&#8220;1\/4&#8243;][\/vc_column][vc_column width=&#8220;1\/2&#8243;][vc_column_text] Bauteile f\u00fcr den Pressenbau und Maschinenbau Blechbearbeitung f\u00fcr die Offshore-Industrie [&hellip;]<\/p>","protected":false},"author":1,"featured_media":0,"parent":0,"menu_order":0,"comment_status":"closed","ping_status":"closed","template":"","meta":{"_monsterinsights_skip_tracking":false,"_monsterinsights_sitenote_active":false,"_monsterinsights_sitenote_note":"","_monsterinsights_sitenote_category":0},"yoast_head":"<!-- This site is optimized with the Yoast SEO plugin v14.9 - https:\/\/yoast.com\/wordpress\/plugins\/seo\/ -->\n<title>Referenzen - Scheibe Stahl Service - Ihr Stahlschneider in Herne<\/title>\n<meta name=\"description\" content=\"Scheibe Stahl Service \u2013 Ihr leistungsstarker Stahlschneider im Ruhrgebiet seit 1994: Offshore | Maschinenbau | Pressenbau | Formteile\" \/>\n<meta name=\"robots\" content=\"index, follow, max-snippet:-1, max-image-preview:large, max-video-preview:-1\" \/>\n<link rel=\"canonical\" href=\"https:\/\/wordpress.scheibe-stahl-service.de\/referenzen\/\" \/>\n<meta property=\"og:locale\" content=\"en_US\" \/>\n<meta property=\"og:type\" content=\"article\" \/>\n<meta property=\"og:title\" content=\"Referenzen - Scheibe Stahl Service - Ihr Stahlschneider in Herne\" \/>\n<meta property=\"og:description\" content=\"Scheibe Stahl Service \u2013 Ihr leistungsstarker Stahlschneider im Ruhrgebiet seit 1994: Offshore | Maschinenbau | Pressenbau | Formteile\" \/>\n<meta property=\"og:url\" content=\"https:\/\/wordpress.scheibe-stahl-service.de\/referenzen\/\" \/>\n<meta property=\"og:site_name\" content=\"Scheibe Stahl Service\" \/>\n<meta property=\"article:modified_time\" content=\"2021-03-22T14:51:34+00:00\" \/>\n<meta property=\"og:image\" content=\"https:\/\/wordpress.scheibe-stahl-service.de\/wp-content\/uploads\/2020\/11\/IMG_008_2016-scaled-e1605610564496-1024x767.jpg\" \/>\n<meta name=\"twitter:card\" content=\"summary_large_image\" \/>\n<script type=\"application\/ld+json\" class=\"yoast-schema-graph\">{\"@context\":\"https:\/\/schema.org\",\"@graph\":[{\"@type\":\"WebSite\",\"@id\":\"https:\/\/www.scheibe-stahl-service.de\/en\/#website\",\"url\":\"https:\/\/www.scheibe-stahl-service.de\/en\/\",\"name\":\"Scheibe Stahl Service\",\"description\":\"Ihr Schneid- und Brennbetrieb speziell f\\u00fcr den Maschinen- und Pressenbau und die Offshore-Industrie.\",\"potentialAction\":[{\"@type\":\"SearchAction\",\"target\":\"https:\/\/www.scheibe-stahl-service.de\/en\/?s={search_term_string}\",\"query-input\":\"required name=search_term_string\"}],\"inLanguage\":\"en-US\"},{\"@type\":\"ImageObject\",\"@id\":\"https:\/\/wordpress.scheibe-stahl-service.de\/referenzen\/#primaryimage\",\"inLanguage\":\"en-US\",\"url\":\"https:\/\/wordpress.scheibe-stahl-service.de\/wp-content\/uploads\/2020\/11\/IMG_008_2016-scaled-e1605610564496-1024x767.jpg\"},{\"@type\":\"WebPage\",\"@id\":\"https:\/\/wordpress.scheibe-stahl-service.de\/referenzen\/#webpage\",\"url\":\"https:\/\/wordpress.scheibe-stahl-service.de\/referenzen\/\",\"name\":\"Referenzen - Scheibe Stahl Service - Ihr Stahlschneider in Herne\",\"isPartOf\":{\"@id\":\"https:\/\/www.scheibe-stahl-service.de\/en\/#website\"},\"primaryImageOfPage\":{\"@id\":\"https:\/\/wordpress.scheibe-stahl-service.de\/referenzen\/#primaryimage\"},\"datePublished\":\"2020-05-21T17:16:54+00:00\",\"dateModified\":\"2021-03-22T14:51:34+00:00\",\"description\":\"Scheibe Stahl Service \\u2013 Ihr leistungsstarker Stahlschneider im Ruhrgebiet seit 1994: Offshore | Maschinenbau | Pressenbau | Formteile\",\"inLanguage\":\"en-US\",\"potentialAction\":[{\"@type\":\"ReadAction\",\"target\":[\"https:\/\/wordpress.scheibe-stahl-service.de\/referenzen\/\"]}]}]}<\/script>\n<!-- \/ Yoast SEO plugin. -->","_links":{"self":[{"href":"https:\/\/www.scheibe-stahl-service.de\/en\/wp-json\/wp\/v2\/pages\/75554"}],"collection":[{"href":"https:\/\/www.scheibe-stahl-service.de\/en\/wp-json\/wp\/v2\/pages"}],"about":[{"href":"https:\/\/www.scheibe-stahl-service.de\/en\/wp-json\/wp\/v2\/types\/page"}],"author":[{"embeddable":true,"href":"https:\/\/www.scheibe-stahl-service.de\/en\/wp-json\/wp\/v2\/users\/1"}],"replies":[{"embeddable":true,"href":"https:\/\/www.scheibe-stahl-service.de\/en\/wp-json\/wp\/v2\/comments?post=75554"}],"version-history":[{"count":54,"href":"https:\/\/www.scheibe-stahl-service.de\/en\/wp-json\/wp\/v2\/pages\/75554\/revisions"}],"predecessor-version":[{"id":78022,"href":"https:\/\/www.scheibe-stahl-service.de\/en\/wp-json\/wp\/v2\/pages\/75554\/revisions\/78022"}],"wp:attachment":[{"href":"https:\/\/www.scheibe-stahl-service.de\/en\/wp-json\/wp\/v2\/media?parent=75554"}],"curies":[{"name":"wp","href":"https:\/\/api.w.org\/{rel}","templated":true}]}}