{"id":75404,"date":"2020-05-21T12:27:23","date_gmt":"2020-05-21T12:27:23","guid":{"rendered":"http:\/\/wordpress.scheibe-stahl-service.de\/?page_id=75404"},"modified":"2021-05-19T14:01:20","modified_gmt":"2021-05-19T14:01:20","slug":"unternehmen-herne","status":"publish","type":"page","link":"https:\/\/www.scheibe-stahl-service.de\/en\/unternehmen-herne\/","title":{"rendered":"Company"},"content":{"rendered":"<p>[vc_row][vc_column][vc_column_text]Wir &#8211; die\u00a0<strong>Scheibe Stahl-Service GmbH &amp; Co. KG<\/strong> &#8211; sind ein mittelst\u00e4ndiges, familiengef\u00fchrtes Stahlbearbeitungsunternehmen aus Herne, das national und international t\u00e4tig ist.<\/p>\n<p><strong>1994 <\/strong>gr\u00fcndeten die heutigen Gesch\u00e4ftsf\u00fchrer Arnold Scheibe und Arnd Scheibe das Unternehmen und besch\u00e4ftigt derzeit \u00fcber 30 Mitarbeiterinnen und Mitarbeiter. Von Beginn an konzentrieren wir uns sowohl auf die Bearbeitung von Stahlprodukten als auch auf die Fertigung von qualitativ hochwertigen Brennzuschnitten\/Brennteilen aus Grobblechen\/Brammen. Stets mit dem <strong>Ziel<\/strong>, f\u00fcr Sie ein <strong>zuverl\u00e4ssiger <\/strong>und\u00a0 <strong>leistungsstarker <\/strong>Gesch\u00e4ftspartner zu sein.<\/p>\n<p>Die Produktionshallen und Verwaltung befinden sich im Herner Industriegebiet<a href=\"https:\/\/www.google.com\/maps\/dir\/\/51.5659652,7.2595277\/@51.565965,7.259528,16z?hl=de\" target=\"_blank\" rel=\"noopener noreferrer\"> &#8211; Friedrich der Gro\u00dfe &#8211;<\/a> mit direkter Autobahnanbindung an die A42 (Auffahrt\/Ausfahrt Herne B\u00f6rnig). Durch unsere herausragende Lage, direkt am Rhein-Herne-Kanal, k\u00f6nnen wir Ihnen mit vielen <a href=\"https:\/\/wordpress.scheibe-stahl-service.de\/leistungen\/umschlag\/\">logistischen Vorteilen<\/a> dienen.[\/vc_column_text][vc_column_text]Es ist uns wichtig unseren Kunden eine konstant hohe Produktqualit\u00e4t zu bieten. Aus diesem Grund beziehen wir unsere Grobbleche und Brammen haupts\u00e4chlich von namhaften europ\u00e4ischen Stahlwerken.<\/p>\n<p>Mehr Informationen zur <a href=\"https:\/\/wordpress.scheibe-stahl-service.de\/leistungen\/beschaffung-grobbleche-brammen\/\">Beschaffung von Grobblechen\/Brammen<\/a> sowie zu unserem <a href=\"https:\/\/wordpress.scheibe-stahl-service.de\/leistungen\/brennschneiden\/\">Brennschneid-<\/a>,\u00a0<a href=\"https:\/\/wordpress.scheibe-stahl-service.de\/leistungen\/strahlen\/\">Strahl-<\/a>, und\u00a0<a href=\"https:\/\/wordpress.scheibe-stahl-service.de\/leistungen\/richten\/\">Richtbetrieb<\/a> finden Sie unter <a href=\"https:\/\/wordpress.scheibe-stahl-service.de\/leistungen\/\">Leistungen<\/a>.[\/vc_column_text][vc_empty_space height=&#8220;30px&#8220;][vc_separator border_width=&#8220;5&#8243; css=&#8220;.vc_custom_1614335563684{background-color: #d1d1d1 !important;}&#8220;][\/vc_column][\/vc_row][vc_row css=&#8220;.vc_custom_1614594541423{margin-top: 20px !important;margin-bottom: 20px !important;}&#8220;][vc_column el_class=&#8220;align-center&#8220; css=&#8220;.vc_custom_1614688751285{margin-top: 10px !important;margin-bottom: 10px !important;}&#8220;][vc_custom_heading text=&#8220;Unternehmensvideo&#8220; font_container=&#8220;tag:h2|font_size:20|text_align:left&#8220; css=&#8220;.vc_custom_1614759151148{margin-bottom: 20px !important;}&#8220;][vc_video link=&#8220;https:\/\/youtu.be\/Xx9fJfo4OiI&#8220; align=&#8220;center&#8220; el_class=&#8220;align-center max-width-800&#8243;][\/vc_column][\/vc_row][vc_row][vc_column css=&#8220;.vc_custom_1614757704945{margin-top: 20px !important;margin-bottom: 20px !important;}&#8220; el_class=&#8220;align-center&#8220;][vc_separator border_width=&#8220;5&#8243; css=&#8220;.vc_custom_1614335563684{background-color: #d1d1d1 !important;}&#8220;][vc_row_inner][vc_column_inner width=&#8220;1\/3&#8243;][vc_hoverbox image=&#8220;75322&#8243; primary_title=&#8220;&#8220; hover_title=&#8220;Scheibe&#8220; hover_background_color=&#8220;white&#8220; use_custom_fonts_hover_title=&#8220;true&#8220; reverse=&#8220;true&#8220; el_class=&#8220;align-center max-height-50px&#8220;]<\/p>\n<p style=\"text-align: center;\">Familienunternehmen<\/p>\n<p>[\/vc_hoverbox][\/vc_column_inner][vc_column_inner width=&#8220;1\/3&#8243;][vc_hoverbox image=&#8220;75309&#8243; primary_title=&#8220;&#8220; hover_title=&#8220;Stahl&#8220; hover_background_color=&#8220;white&#8220; use_custom_fonts_hover_title=&#8220;true&#8220; reverse=&#8220;true&#8220; el_class=&#8220;align-center max-height-50px&#8220;]f\u00fcr hochwertige Stahlbearbeitung[\/vc_hoverbox][\/vc_column_inner][vc_column_inner width=&#8220;1\/3&#8243;][vc_hoverbox image=&#8220;75267&#8243; primary_title=&#8220;&#8220; hover_title=&#8220;Service&#8220; hover_background_color=&#8220;white&#8220; use_custom_fonts_primary_title=&#8220;true&#8220; use_custom_fonts_hover_title=&#8220;true&#8220; reverse=&#8220;true&#8220; el_class=&#8220;align-center max-height-50px&#8220;]<\/p>\n<p style=\"text-align: center;\">nach Ihren Vorgaben\/W\u00fcnschen<\/p>\n<p>[\/vc_hoverbox][\/vc_column_inner][\/vc_row_inner][vc_separator border_width=&#8220;5&#8243; css=&#8220;.vc_custom_1614594378039{background-color: #d1d1d1 !important;}&#8220;][\/vc_column][\/vc_row][vc_row css=&#8220;.vc_custom_1614594747435{margin-top: 20px !important;margin-bottom: 20px !important;background-color: #ffffff !important;}&#8220;][vc_column css=&#8220;.vc_custom_1614758130919{margin-bottom: 20px !important;}&#8220;][vc_row_inner][vc_column_inner width=&#8220;1\/2&#8243; css=&#8220;.vc_custom_1614594834816{margin-top: 20px !important;margin-bottom: 20px !important;}&#8220;][vc_custom_heading text=&#8220;Unser Versprechen&#8220; font_container=&#8220;tag:h2|font_size:20|text_align:left&#8220;][vc_column_text]<\/p>\n<p style=\"text-align: left;\">Als <strong>Familienunternehmen<\/strong> stehen wir mit unserem Namen f\u00fcr:<\/p>\n<ul class=\"listing\">\n<li style=\"text-align: left;\"><i class=\"fa fa-check\"><\/i> Hochwertige Stahlbearbeitung<\/li>\n<li style=\"text-align: left;\"><i class=\"fa fa-check\"><\/i> Qualit\u00e4t \u201eMade in Germany\u201c<\/li>\n<li style=\"text-align: left;\"><i class=\"fa fa-check\"><\/i> Flexibilit\u00e4t<\/li>\n<li style=\"text-align: left;\"><i class=\"fa fa-check\"><\/i> Zuverl\u00e4ssige Lieferungen<\/li>\n<\/ul>\n<p>[\/vc_column_text][\/vc_column_inner][vc_column_inner width=&#8220;1\/2&#8243; css=&#8220;.vc_custom_1614594842774{margin-top: 20px !important;margin-bottom: 20px !important;}&#8220;][vc_custom_heading text=&#8220;Ihre Vorteile&#8220; font_container=&#8220;tag:h2|font_size:20|text_align:left&#8220;][vc_column_text]<\/p>\n<p style=\"text-align: left;\">Ihre <strong>M\u00f6glichkeiten <\/strong>mit unserem Familienunternehmen:<\/p>\n<ul class=\"listing\">\n<li style=\"text-align: left;\"><i class=\"fa fa-check\"><\/i>\u00a0Optimale Infrastruktur f\u00fcr Schiffs- und LKW Verkehr<\/li>\n<li style=\"text-align: left;\"><i class=\"fa fa-check\"><\/i>\u00a0Eigene Binnenschiffsentlade- und beladestelle<\/li>\n<li style=\"text-align: left;\"><i class=\"fa fa-check\"><\/i>\u00a0Pr\u00e4zises Brennschneiden durch geschultes und qualifiziertes Personal<\/li>\n<li style=\"text-align: left;\"><i class=\"fa fa-check\"><\/i>\u00a0Magnetkr\u00e4ne mit Tragkraft von St\u00fcckgewichten bis zu 50 Tonnen<\/li>\n<\/ul>\n<p>[\/vc_column_text][\/vc_column_inner][\/vc_row_inner][\/vc_column][\/vc_row]<\/p>","protected":false},"excerpt":{"rendered":"<p>[vc_row][vc_column][vc_column_text]Wir &#8211; die\u00a0Scheibe Stahl-Service GmbH &amp; Co. KG &#8211; sind ein mittelst\u00e4ndiges, familiengef\u00fchrtes Stahlbearbeitungsunternehmen aus Herne, das national und international t\u00e4tig ist. 1994 gr\u00fcndeten die heutigen Gesch\u00e4ftsf\u00fchrer Arnold Scheibe und Arnd Scheibe das Unternehmen und besch\u00e4ftigt derzeit \u00fcber 30 Mitarbeiterinnen und Mitarbeiter. Von Beginn an konzentrieren wir uns sowohl auf die Bearbeitung von Stahlprodukten als [&hellip;]<\/p>","protected":false},"author":1,"featured_media":0,"parent":0,"menu_order":0,"comment_status":"closed","ping_status":"closed","template":"","meta":{"_monsterinsights_skip_tracking":false,"_monsterinsights_sitenote_active":false,"_monsterinsights_sitenote_note":"","_monsterinsights_sitenote_category":0},"yoast_head":"<!-- This site is optimized with the Yoast SEO plugin v14.9 - https:\/\/yoast.com\/wordpress\/plugins\/seo\/ -->\n<title>Unternehmen - Scheibe Stahl Service - Brennbetrieb in Herne<\/title>\n<meta name=\"description\" content=\"Ihr leistungsstarker Brenn-, Strahl-, und Richtbetrieb im Herzen des Ruhrgebiets in Herne direkt am Rhein-Herne-Kanal. (Nordrhein-Westfalen)\" \/>\n<meta name=\"robots\" content=\"index, follow, max-snippet:-1, max-image-preview:large, max-video-preview:-1\" \/>\n<link rel=\"canonical\" href=\"https:\/\/wordpress.scheibe-stahl-service.de\/unternehmen-herne\/\" \/>\n<meta property=\"og:locale\" content=\"en_US\" \/>\n<meta property=\"og:type\" content=\"article\" \/>\n<meta property=\"og:title\" content=\"Unternehmen - Scheibe Stahl Service - Brennbetrieb in Herne\" \/>\n<meta property=\"og:description\" content=\"Ihr leistungsstarker Brenn-, Strahl-, und Richtbetrieb im Herzen des Ruhrgebiets in Herne direkt am Rhein-Herne-Kanal. (Nordrhein-Westfalen)\" \/>\n<meta property=\"og:url\" content=\"https:\/\/wordpress.scheibe-stahl-service.de\/unternehmen-herne\/\" \/>\n<meta property=\"og:site_name\" content=\"Scheibe Stahl Service\" \/>\n<meta property=\"article:modified_time\" content=\"2021-05-19T14:01:20+00:00\" \/>\n<meta name=\"twitter:card\" content=\"summary_large_image\" \/>\n<script type=\"application\/ld+json\" class=\"yoast-schema-graph\">{\"@context\":\"https:\/\/schema.org\",\"@graph\":[{\"@type\":\"WebSite\",\"@id\":\"https:\/\/www.scheibe-stahl-service.de\/en\/#website\",\"url\":\"https:\/\/www.scheibe-stahl-service.de\/en\/\",\"name\":\"Scheibe Stahl Service\",\"description\":\"Ihr Schneid- und Brennbetrieb speziell f\\u00fcr den Maschinen- und Pressenbau und die Offshore-Industrie.\",\"potentialAction\":[{\"@type\":\"SearchAction\",\"target\":\"https:\/\/www.scheibe-stahl-service.de\/en\/?s={search_term_string}\",\"query-input\":\"required name=search_term_string\"}],\"inLanguage\":\"en-US\"},{\"@type\":\"WebPage\",\"@id\":\"https:\/\/wordpress.scheibe-stahl-service.de\/unternehmen-herne\/#webpage\",\"url\":\"https:\/\/wordpress.scheibe-stahl-service.de\/unternehmen-herne\/\",\"name\":\"Unternehmen - Scheibe Stahl Service - Brennbetrieb in Herne\",\"isPartOf\":{\"@id\":\"https:\/\/www.scheibe-stahl-service.de\/en\/#website\"},\"datePublished\":\"2020-05-21T12:27:23+00:00\",\"dateModified\":\"2021-05-19T14:01:20+00:00\",\"description\":\"Ihr leistungsstarker Brenn-, Strahl-, und Richtbetrieb im Herzen des Ruhrgebiets in Herne direkt am Rhein-Herne-Kanal. (Nordrhein-Westfalen)\",\"inLanguage\":\"en-US\",\"potentialAction\":[{\"@type\":\"ReadAction\",\"target\":[\"https:\/\/wordpress.scheibe-stahl-service.de\/unternehmen-herne\/\"]}]}]}<\/script>\n<!-- \/ Yoast SEO plugin. -->","_links":{"self":[{"href":"https:\/\/www.scheibe-stahl-service.de\/en\/wp-json\/wp\/v2\/pages\/75404"}],"collection":[{"href":"https:\/\/www.scheibe-stahl-service.de\/en\/wp-json\/wp\/v2\/pages"}],"about":[{"href":"https:\/\/www.scheibe-stahl-service.de\/en\/wp-json\/wp\/v2\/types\/page"}],"author":[{"embeddable":true,"href":"https:\/\/www.scheibe-stahl-service.de\/en\/wp-json\/wp\/v2\/users\/1"}],"replies":[{"embeddable":true,"href":"https:\/\/www.scheibe-stahl-service.de\/en\/wp-json\/wp\/v2\/comments?post=75404"}],"version-history":[{"count":105,"href":"https:\/\/www.scheibe-stahl-service.de\/en\/wp-json\/wp\/v2\/pages\/75404\/revisions"}],"predecessor-version":[{"id":78206,"href":"https:\/\/www.scheibe-stahl-service.de\/en\/wp-json\/wp\/v2\/pages\/75404\/revisions\/78206"}],"wp:attachment":[{"href":"https:\/\/www.scheibe-stahl-service.de\/en\/wp-json\/wp\/v2\/media?parent=75404"}],"curies":[{"name":"wp","href":"https:\/\/api.w.org\/{rel}","templated":true}]}}