{"id":75402,"date":"2020-05-21T12:26:30","date_gmt":"2020-05-21T12:26:30","guid":{"rendered":"http:\/\/wordpress.scheibe-stahl-service.de\/?page_id=75402"},"modified":"2021-03-10T10:35:58","modified_gmt":"2021-03-10T10:35:58","slug":"lagerung","status":"publish","type":"page","link":"https:\/\/www.scheibe-stahl-service.de\/en\/leistungen\/lagerung\/","title":{"rendered":"Lagerung"},"content":{"rendered":"<p>[vc_row][vc_column width=&#8220;1\/4&#8243;][vc_column_text][vc_widget_sidebar sidebar_id=&#8220;sidebar&#8220;][\/vc_column_text][\/vc_column][vc_column width=&#8220;3\/4&#8243;][vc_column_text]In unseren Lagerhallen haben wir die M\u00f6glichkeit auf mehr als <strong>2.000 m\u00b2<\/strong> Stahlbleche, Brammen und Formteile einzulagern. Nach Absprache ist eine <strong>kurzfristige<\/strong> oder auch <strong>l\u00e4ngerfristige<\/strong> Einlagerung der Stahlerzeugnisse m\u00f6glich.[\/vc_column_text][vc_empty_space height=&#8220;20px&#8220;][vc_separator border_width=&#8220;5&#8243; css=&#8220;.vc_custom_1615301890282{background-color: #d1d1d1 !important;}&#8220;][vc_empty_space height=&#8220;20px&#8220;][vc_row_inner][vc_column_inner width=&#8220;2\/3&#8243;][vc_column_text css=&#8220;.vc_custom_1615301982672{padding-left: 20px !important;}&#8220;]<\/p>\n<ul class=\"listing\">\n<li><i class=\"fa fa-check\"><\/i>\u00fcberwachte und sichere Lagerung<\/li>\n<li><i class=\"fa fa-check\"><\/i>abgeschlossenes Betriebsgel\u00e4nde<\/li>\n<li><i class=\"fa fa-check\"><\/i>wettergesch\u00fctzte Unterbringung<\/li>\n<li><i class=\"fa fa-check\"><\/i>kurzfristige und langfristige Lagerm\u00f6glichkeiten<\/li>\n<li><i class=\"fa fa-check\"><\/i>unkomplizierte und individuelle Absprachen<\/li>\n<\/ul>\n<p>[\/vc_column_text][\/vc_column_inner][vc_column_inner el_class=&#8220;align-center&#8220; width=&#8220;1\/3&#8243;][vc_empty_space height=&#8220;60px&#8220;][vc_btn title=&#8220;Ihre Anfrage&#8220; style=&#8220;custom&#8220; custom_background=&#8220;#008fd3&#8243; custom_text=&#8220;#ffffff&#8220; size=&#8220;sm&#8220; link=&#8220;url:https%3A%2F%2Fwordpress.scheibe-stahl-service.de%2Fkontakt%2F|title:Kontakt||&#8220;][\/vc_column_inner][\/vc_row_inner][vc_empty_space height=&#8220;20px&#8220;][vc_separator border_width=&#8220;5&#8243; css=&#8220;.vc_custom_1615301890282{background-color: #d1d1d1 !important;}&#8220;][\/vc_column][\/vc_row][vc_row_inner el_class=&#8220;ausblenden&#8220;][vc_column_inner el_class=&#8220;ausblenden&#8220;][vc_custom_heading text=&#8220;&#8220; font_container=&#8220;tag:h2|font_size:20|text_align:left&#8220; el_class=&#8220;heading-title-3&#8243;][\/vc_column_inner][\/vc_row_inner][vc_accordion active_tab=&#8220;1&#8243; el_class=&#8220;ausblenden&#8220;][vc_accordion_tab title=&#8220;&#8220;][vc_column_text][\/vc_column_text][\/vc_accordion_tab][vc_accordion_tab title=&#8220;&#8220;][vc_column_text][\/vc_column_text][\/vc_accordion_tab][vc_accordion_tab title=&#8220;&#8220;][vc_column_text][\/vc_column_text][\/vc_accordion_tab][vc_accordion_tab title=&#8220;&#8220;][vc_column_text][\/vc_column_text][\/vc_accordion_tab][\/vc_accordion]<\/p>","protected":false},"excerpt":{"rendered":"<p>[vc_row][vc_column width=&#8220;1\/4&#8243;][vc_column_text][vc_widget_sidebar sidebar_id=&#8220;sidebar&#8220;][\/vc_column_text][\/vc_column][vc_column width=&#8220;3\/4&#8243;][vc_column_text]In unseren Lagerhallen haben wir die M\u00f6glichkeit auf mehr als 2.000 m\u00b2 Stahlbleche, Brammen und Formteile einzulagern. Nach Absprache ist eine kurzfristige oder auch l\u00e4ngerfristige Einlagerung der Stahlerzeugnisse m\u00f6glich.[\/vc_column_text][vc_empty_space height=&#8220;20px&#8220;][vc_separator border_width=&#8220;5&#8243; css=&#8220;.vc_custom_1615301890282{background-color: #d1d1d1 !important;}&#8220;][vc_empty_space height=&#8220;20px&#8220;][vc_row_inner][vc_column_inner width=&#8220;2\/3&#8243;][vc_column_text css=&#8220;.vc_custom_1615301982672{padding-left: 20px !important;}&#8220;] \u00fcberwachte und sichere Lagerung abgeschlossenes Betriebsgel\u00e4nde wettergesch\u00fctzte Unterbringung kurzfristige und langfristige Lagerm\u00f6glichkeiten unkomplizierte [&hellip;]<\/p>","protected":false},"author":1,"featured_media":0,"parent":73053,"menu_order":0,"comment_status":"closed","ping_status":"closed","template":"","meta":{"_monsterinsights_skip_tracking":false,"_monsterinsights_sitenote_active":false,"_monsterinsights_sitenote_note":"","_monsterinsights_sitenote_category":0},"yoast_head":"<!-- This site is optimized with the Yoast SEO plugin v14.9 - https:\/\/yoast.com\/wordpress\/plugins\/seo\/ -->\n<title>Lagerung - Scheibe Stahl Service - Herne<\/title>\n<meta name=\"description\" content=\"Scheibe Stahl Service \u2013 Ihr leistungsstarker Stahl Partner im Ruhrgebiet seit 1994: Brennschneiden | Richten | Strahlen | Umschlag | Lager\" \/>\n<meta name=\"robots\" content=\"index, follow, max-snippet:-1, max-image-preview:large, max-video-preview:-1\" \/>\n<link rel=\"canonical\" href=\"https:\/\/www.scheibe-stahl-service.de\/en\/leistungen\/lagerung\/\" \/>\n<meta property=\"og:locale\" content=\"en_US\" \/>\n<meta property=\"og:type\" content=\"article\" \/>\n<meta property=\"og:title\" content=\"Lagerung - Scheibe Stahl Service - Herne\" \/>\n<meta property=\"og:description\" content=\"Scheibe Stahl Service \u2013 Ihr leistungsstarker Stahl Partner im Ruhrgebiet seit 1994: Brennschneiden | Richten | Strahlen | Umschlag | Lager\" \/>\n<meta property=\"og:url\" content=\"https:\/\/www.scheibe-stahl-service.de\/en\/leistungen\/lagerung\/\" \/>\n<meta property=\"og:site_name\" content=\"Scheibe Stahl Service\" \/>\n<meta property=\"article:modified_time\" content=\"2021-03-10T10:35:58+00:00\" \/>\n<meta name=\"twitter:card\" content=\"summary_large_image\" \/>\n<script type=\"application\/ld+json\" class=\"yoast-schema-graph\">{\"@context\":\"https:\/\/schema.org\",\"@graph\":[{\"@type\":\"WebSite\",\"@id\":\"https:\/\/www.scheibe-stahl-service.de\/en\/#website\",\"url\":\"https:\/\/www.scheibe-stahl-service.de\/en\/\",\"name\":\"Scheibe Stahl Service\",\"description\":\"Ihr Schneid- und Brennbetrieb speziell f\\u00fcr den Maschinen- und Pressenbau und die Offshore-Industrie.\",\"potentialAction\":[{\"@type\":\"SearchAction\",\"target\":\"https:\/\/www.scheibe-stahl-service.de\/en\/?s={search_term_string}\",\"query-input\":\"required name=search_term_string\"}],\"inLanguage\":\"en-US\"},{\"@type\":\"WebPage\",\"@id\":\"https:\/\/www.scheibe-stahl-service.de\/leistungen\/lagerung\/#webpage\",\"url\":\"https:\/\/www.scheibe-stahl-service.de\/leistungen\/lagerung\/\",\"name\":\"Lagerung - Scheibe Stahl Service - Herne\",\"isPartOf\":{\"@id\":\"https:\/\/www.scheibe-stahl-service.de\/en\/#website\"},\"datePublished\":\"2020-05-21T12:26:30+00:00\",\"dateModified\":\"2021-03-10T10:35:58+00:00\",\"description\":\"Scheibe Stahl Service \\u2013 Ihr leistungsstarker Stahl Partner im Ruhrgebiet seit 1994: Brennschneiden | Richten | Strahlen | Umschlag | Lager\",\"inLanguage\":\"en-US\",\"potentialAction\":[{\"@type\":\"ReadAction\",\"target\":[\"https:\/\/www.scheibe-stahl-service.de\/leistungen\/lagerung\/\"]}]}]}<\/script>\n<!-- \/ Yoast SEO plugin. -->","_links":{"self":[{"href":"https:\/\/www.scheibe-stahl-service.de\/en\/wp-json\/wp\/v2\/pages\/75402"}],"collection":[{"href":"https:\/\/www.scheibe-stahl-service.de\/en\/wp-json\/wp\/v2\/pages"}],"about":[{"href":"https:\/\/www.scheibe-stahl-service.de\/en\/wp-json\/wp\/v2\/types\/page"}],"author":[{"embeddable":true,"href":"https:\/\/www.scheibe-stahl-service.de\/en\/wp-json\/wp\/v2\/users\/1"}],"replies":[{"embeddable":true,"href":"https:\/\/www.scheibe-stahl-service.de\/en\/wp-json\/wp\/v2\/comments?post=75402"}],"version-history":[{"count":54,"href":"https:\/\/www.scheibe-stahl-service.de\/en\/wp-json\/wp\/v2\/pages\/75402\/revisions"}],"predecessor-version":[{"id":77978,"href":"https:\/\/www.scheibe-stahl-service.de\/en\/wp-json\/wp\/v2\/pages\/75402\/revisions\/77978"}],"up":[{"embeddable":true,"href":"https:\/\/www.scheibe-stahl-service.de\/en\/wp-json\/wp\/v2\/pages\/73053"}],"wp:attachment":[{"href":"https:\/\/www.scheibe-stahl-service.de\/en\/wp-json\/wp\/v2\/media?parent=75402"}],"curies":[{"name":"wp","href":"https:\/\/api.w.org\/{rel}","templated":true}]}}