{"id":75398,"date":"2020-05-21T12:25:32","date_gmt":"2020-05-21T12:25:32","guid":{"rendered":"http:\/\/wordpress.scheibe-stahl-service.de\/?page_id=75398"},"modified":"2026-04-01T09:41:47","modified_gmt":"2026-04-01T07:41:47","slug":"strahlen","status":"publish","type":"page","link":"https:\/\/www.scheibe-stahl-service.de\/en\/leistungen\/strahlen\/","title":{"rendered":"Strahlen"},"content":{"rendered":"<p>[vc_row][vc_column width=&#8220;1\/4&#8243;][vc_column_text][vc_widget_sidebar sidebar_id=&#8220;sidebar&#8220;][\/vc_column_text][\/vc_column][vc_column width=&#8220;1\/2&#8243;][vc_column_text css=&#8220;.vc_custom_1775029289154{padding-top: 10px !important;}&#8220;]Im Jahr <strong>2020<\/strong> erweiterten wir unseren Maschinenpark um eine neue, leistungsstarke und effiziente Durchlaufstrahlanlange. Beim Stahlkiesstrahlen wird die Oberfl\u00e4che der Stahlprodukte von Zunder und Rost befreit wird.<\/p>\n<p>Mit unserer Anlage strahlen wir Brennzuschnitte, Formteile, Grobbleche oder andere Stahlprodukte &#8211; gem\u00e4\u00df SA 2,5 oder Ihren Vorgaben &#8211; bis zu einer Breite von <strong>4.000 mm<\/strong> und einer L\u00e4nge von <strong>22.000<\/strong> <strong>mm <\/strong>(gr\u00f6\u00dfere L\u00e4ngen auf Anfrage m\u00f6glich). F\u00fcr breitere und dickere Formteile\/Bleche k\u00f6nnen wir unser Handstrahlhaus nutzen.[\/vc_column_text][\/vc_column][vc_column width=&#8220;1\/4&#8243; el_class=&#8220;align-center&#8220; css=&#8220;.vc_custom_1614784916624{padding-top: 20px !important;padding-bottom: 20px !important;}&#8220;][vc_column_text css=&#8220;.vc_custom_1614784791048{padding-top: 20px !important;padding-bottom: 20px !important;}&#8220;]<\/p>\n<p style=\"text-align: center;\"><strong>Abmessungen<\/strong><\/p>\n<p>[\/vc_column_text][vc_column_text el_class=&#8220;align-center&#8220; css=&#8220;.vc_custom_1775029297797{padding-top: 10px !important;padding-bottom: 10px !important;}&#8220;]<\/p>\n<ul class=\"listing\">\n<li><i class=\"fa fa-check\"><\/i> \u00a0Dicken bis zu\u00a0 \u00a0 \u00a0 \u00a0 \u00a0 \u00a0 \u00a0350 mm<\/li>\n<li><i class=\"fa fa-check\"><\/i> \u00a0Breiten bis zu\u00a0 \u00a0 \u00a0 \u00a0 \u00a04.000 mm<\/li>\n<li><i class=\"fa fa-check\"><\/i> \u00a0L\u00e4ngen bis zu\u00a0 \u00a0 \u00a0 \u00a022.000 mm<\/li>\n<\/ul>\n<p>[\/vc_column_text][vc_btn title=&#8220;Download \/ Strahlanlage.pdf&#8220; el_class=&#8220;download-btn ausblenden&#8220; link=&#8220;url:https%3A%2F%2Fwordpress.scheibe-stahl-service.de%2Fwp-content%2Fuploads%2F2020%2F10%2FScheibe_Flyer_Strahlanlage.pdf|title:Scheibe_Flyer_Strahlanlage|target:%20_blank|&#8220;][vc_btn title=&#8220;Ihre Anfrage&#8220; style=&#8220;custom&#8220; custom_background=&#8220;#008fd3&#8243; custom_text=&#8220;#ffffff&#8220; size=&#8220;sm&#8220; align=&#8220;center&#8220; el_class=&#8220;align-center&#8220; link=&#8220;url:https%3A%2F%2Fwordpress.scheibe-stahl-service.de%2Fkontakt%2F|title:Kontakt||&#8220; css=&#8220;.vc_custom_1615372532336{padding-top: 20px !important;}&#8220;][\/vc_column][\/vc_row][vc_row el_class=&#8220;ausblenden&#8220;][vc_column el_class=&#8220;ausblenden&#8220;][vc_custom_heading text=&#8220;&#8220; font_container=&#8220;tag:h2|font_size:20|text_align:left&#8220; el_class=&#8220;heading-title-3&#8243;][vc_accordion active_tab=&#8220;1&#8243; el_class=&#8220;ausblenden&#8220;][vc_accordion_tab title=&#8220;Lorem ipsum dolor sit&#8220;][vc_column_text el_class=&#8220;ausblenden&#8220;]Lorem ipsum dolor sit amet, consectetuer adipiscing elit. Aenean commodo ligula eget dolor. Aenean massa. Cum sociis natoque penatibus et magnis dis parturient montes, nascetur ridiculus mus.<\/p>\n<p>Donec quam felis, ultricies nec, pellentesque eu, pretium quis, sem. Nulla consequat massa quis enim. Donec pede justo, fringilla vel, aliquet nec, vulputate eget, arcu. In enim justo, rhoncus ut, imperdiet a, venenatis vitae, justo. Nullam dictum felis eu pede mollis pretium. Integer tincidunt. Cras dapibus.[\/vc_column_text][\/vc_accordion_tab][vc_accordion_tab title=&#8220;Cras dapibus&#8220;][vc_column_text]Lorem ipsum dolor sit amet, consectetuer adipiscing elit. Aenean commodo ligula eget dolor. Aenean massa. Cum sociis natoque penatibus et magnis dis parturient montes, nascetur ridiculus mus.<\/p>\n<p>Donec quam felis, ultricies nec, pellentesque eu, pretium quis, sem. Nulla consequat massa quis enim. Donec pede justo, fringilla vel, aliquet nec, vulputate eget, arcu. In enim justo, rhoncus ut, imperdiet a, venenatis vitae, justo. Nullam dictum felis eu pede mollis pretium. Integer tincidunt. Cras dapibus.[\/vc_column_text][\/vc_accordion_tab][vc_accordion_tab title=&#8220;Integer tincidunt&#8220;][vc_column_text]Lorem ipsum dolor sit amet, consectetuer adipiscing elit. Aenean commodo ligula eget dolor. Aenean massa. Cum sociis natoque penatibus et magnis dis parturient montes, nascetur ridiculus mus.<\/p>\n<p>Donec quam felis, ultricies nec, pellentesque eu, pretium quis, sem. Nulla consequat massa quis enim. Donec pede justo, fringilla vel, aliquet nec, vulputate eget, arcu. In enim justo, rhoncus ut, imperdiet a, venenatis vitae, justo. Nullam dictum felis eu pede mollis pretium. Integer tincidunt. Cras dapibus.[\/vc_column_text][\/vc_accordion_tab][vc_accordion_tab title=&#8220;Dictum felis eu pede mollis pretium&#8220;][vc_column_text]Lorem ipsum dolor sit amet, consectetuer adipiscing elit. Aenean commodo ligula eget dolor. Aenean massa. Cum sociis natoque penatibus et magnis dis parturient montes, nascetur ridiculus mus.<\/p>\n<p>Donec quam felis, ultricies nec, pellentesque eu, pretium quis, sem. Nulla consequat massa quis enim. Donec pede justo, fringilla vel, aliquet nec, vulputate eget, arcu. In enim justo, rhoncus ut, imperdiet a, venenatis vitae, justo. Nullam dictum felis eu pede mollis pretium. Integer tincidunt. Cras dapibus.[\/vc_column_text][\/vc_accordion_tab][\/vc_accordion][\/vc_column][\/vc_row]<\/p>","protected":false},"excerpt":{"rendered":"<p>[vc_row][vc_column width=&#8220;1\/4&#8243;][vc_column_text][vc_widget_sidebar sidebar_id=&#8220;sidebar&#8220;][\/vc_column_text][\/vc_column][vc_column width=&#8220;1\/2&#8243;][vc_column_text css=&#8220;.vc_custom_1775029289154{padding-top: 10px !important;}&#8220;]Im Jahr 2020 erweiterten wir unseren Maschinenpark um eine neue, leistungsstarke und effiziente Durchlaufstrahlanlange. Beim Stahlkiesstrahlen wird die Oberfl\u00e4che der Stahlprodukte von Zunder und Rost befreit wird. Mit unserer Anlage strahlen wir Brennzuschnitte, Formteile, Grobbleche oder andere Stahlprodukte &#8211; gem\u00e4\u00df SA 2,5 oder Ihren Vorgaben &#8211; bis zu einer [&hellip;]<\/p>","protected":false},"author":1,"featured_media":0,"parent":73053,"menu_order":0,"comment_status":"closed","ping_status":"closed","template":"","meta":{"_monsterinsights_skip_tracking":false,"_monsterinsights_sitenote_active":false,"_monsterinsights_sitenote_note":"","_monsterinsights_sitenote_category":0},"yoast_head":"<!-- This site is optimized with the Yoast SEO plugin v14.9 - https:\/\/yoast.com\/wordpress\/plugins\/seo\/ -->\n<title>Strahlen - Scheibe Stahl Service - Herne<\/title>\n<meta name=\"description\" content=\"Scheibe Stahl Service \u2013 Ihr leistungsstarker Stahl Partner im Ruhrgebiet seit 1994: Brennschneiden | Richten | Strahlen | Umschlag | Lager\" \/>\n<meta name=\"robots\" content=\"index, follow, max-snippet:-1, max-image-preview:large, max-video-preview:-1\" \/>\n<link rel=\"canonical\" href=\"https:\/\/www.scheibe-stahl-service.de\/en\/leistungen\/strahlen\/\" \/>\n<meta property=\"og:locale\" content=\"en_US\" \/>\n<meta property=\"og:type\" content=\"article\" \/>\n<meta property=\"og:title\" content=\"Strahlen - Scheibe Stahl Service - Herne\" \/>\n<meta property=\"og:description\" content=\"Scheibe Stahl Service \u2013 Ihr leistungsstarker Stahl Partner im Ruhrgebiet seit 1994: Brennschneiden | Richten | Strahlen | Umschlag | Lager\" \/>\n<meta property=\"og:url\" content=\"https:\/\/www.scheibe-stahl-service.de\/en\/leistungen\/strahlen\/\" \/>\n<meta property=\"og:site_name\" content=\"Scheibe Stahl Service\" \/>\n<meta property=\"article:modified_time\" content=\"2026-04-01T07:41:47+00:00\" \/>\n<meta name=\"twitter:card\" content=\"summary_large_image\" \/>\n<script type=\"application\/ld+json\" class=\"yoast-schema-graph\">{\"@context\":\"https:\/\/schema.org\",\"@graph\":[{\"@type\":\"WebSite\",\"@id\":\"https:\/\/www.scheibe-stahl-service.de\/en\/#website\",\"url\":\"https:\/\/www.scheibe-stahl-service.de\/en\/\",\"name\":\"Scheibe Stahl Service\",\"description\":\"Ihr Schneid- und Brennbetrieb speziell f\\u00fcr den Maschinen- und Pressenbau und die Offshore-Industrie.\",\"potentialAction\":[{\"@type\":\"SearchAction\",\"target\":\"https:\/\/www.scheibe-stahl-service.de\/en\/?s={search_term_string}\",\"query-input\":\"required name=search_term_string\"}],\"inLanguage\":\"en-US\"},{\"@type\":\"WebPage\",\"@id\":\"https:\/\/www.scheibe-stahl-service.de\/leistungen\/strahlen\/#webpage\",\"url\":\"https:\/\/www.scheibe-stahl-service.de\/leistungen\/strahlen\/\",\"name\":\"Strahlen - Scheibe Stahl Service - Herne\",\"isPartOf\":{\"@id\":\"https:\/\/www.scheibe-stahl-service.de\/en\/#website\"},\"datePublished\":\"2020-05-21T12:25:32+00:00\",\"dateModified\":\"2026-04-01T07:41:47+00:00\",\"description\":\"Scheibe Stahl Service \\u2013 Ihr leistungsstarker Stahl Partner im Ruhrgebiet seit 1994: Brennschneiden | Richten | Strahlen | Umschlag | Lager\",\"inLanguage\":\"en-US\",\"potentialAction\":[{\"@type\":\"ReadAction\",\"target\":[\"https:\/\/www.scheibe-stahl-service.de\/leistungen\/strahlen\/\"]}]}]}<\/script>\n<!-- \/ Yoast SEO plugin. -->","_links":{"self":[{"href":"https:\/\/www.scheibe-stahl-service.de\/en\/wp-json\/wp\/v2\/pages\/75398"}],"collection":[{"href":"https:\/\/www.scheibe-stahl-service.de\/en\/wp-json\/wp\/v2\/pages"}],"about":[{"href":"https:\/\/www.scheibe-stahl-service.de\/en\/wp-json\/wp\/v2\/types\/page"}],"author":[{"embeddable":true,"href":"https:\/\/www.scheibe-stahl-service.de\/en\/wp-json\/wp\/v2\/users\/1"}],"replies":[{"embeddable":true,"href":"https:\/\/www.scheibe-stahl-service.de\/en\/wp-json\/wp\/v2\/comments?post=75398"}],"version-history":[{"count":72,"href":"https:\/\/www.scheibe-stahl-service.de\/en\/wp-json\/wp\/v2\/pages\/75398\/revisions"}],"predecessor-version":[{"id":78622,"href":"https:\/\/www.scheibe-stahl-service.de\/en\/wp-json\/wp\/v2\/pages\/75398\/revisions\/78622"}],"up":[{"embeddable":true,"href":"https:\/\/www.scheibe-stahl-service.de\/en\/wp-json\/wp\/v2\/pages\/73053"}],"wp:attachment":[{"href":"https:\/\/www.scheibe-stahl-service.de\/en\/wp-json\/wp\/v2\/media?parent=75398"}],"curies":[{"name":"wp","href":"https:\/\/api.w.org\/{rel}","templated":true}]}}