{"id":75218,"date":"2020-05-17T20:56:21","date_gmt":"2020-05-17T20:56:21","guid":{"rendered":"http:\/\/wordpress.scheibe-stahl-service.de\/?page_id=75218"},"modified":"2021-05-18T11:28:28","modified_gmt":"2021-05-18T11:28:28","slug":"maschinenbau","status":"publish","type":"page","link":"https:\/\/www.scheibe-stahl-service.de\/en\/referenzen\/maschinenbau\/","title":{"rendered":"Pressenbau\/Maschinenbau"},"content":{"rendered":"<p>[vc_row][vc_column][vc_column_text]<\/p>\n<p style=\"text-align: center;\">Viele Maschinenbaukonstruktionen sind gepr\u00e4gt von Stahlelementen, da Stahl besonders robust und langlebig ist.<br \/>\nAuch im Bereich des Maschinen und Pressenbaus findet der Werkstoff daher verbreitet Anwendung.<br \/>\nUnser Unternehmen produziert aus Blechen oder Brammen f\u00fcr Sie, gem\u00e4\u00df Ihren vorgegebenen Zeichnungen und G\u00fcten,\u00a0 <strong>hochwertige Maschinenbauteile,<br \/>\n<\/strong>wie zum Beispiel:<\/p>\n<p>[\/vc_column_text][vc_empty_space][\/vc_column][\/vc_row][vc_row][vc_column width=&#8220;1\/4&#8243;][\/vc_column][vc_column width=&#8220;1\/4&#8243;][vc_column_text]<\/p>\n<ul>\n<li>Seitenteile \/ Seitenst\u00e4nderbleche<\/li>\n<li>Rahmen zur Herstellung von hydraulischen Pressen<\/li>\n<li>ma\u00dfgenaue Brennzuschnitte zur Fertigung von Abkantpressen<\/li>\n<li>Oberwangen<\/li>\n<li>Unterwangen \/ Tischbleche<\/li>\n<li>Ringe \/ Ronden<\/li>\n<li>Koordinaten<\/li>\n<\/ul>\n<p>[\/vc_column_text][\/vc_column][vc_column width=&#8220;1\/4&#8243;][vc_column_text]<\/p>\n<ul>\n<li>Aufnahmebleche<\/li>\n<li>Druckplatte<\/li>\n<li>Pressbalkenbleche<\/li>\n<li>Distanzleisten<\/li>\n<li>Rahmen<\/li>\n<li>Holme<\/li>\n<li>sonstige Zeichnungsteile<\/li>\n<li>Deckplatte<\/li>\n<li>Verst\u00e4rkungsleiste<\/li>\n<\/ul>\n<p>[\/vc_column_text][\/vc_column][vc_column width=&#8220;1\/4&#8243;][\/vc_column][\/vc_row][vc_row css=&#8220;.vc_custom_1615900946913{margin-top: 25px !important;}&#8220; el_class=&#8220;ausblenden&#8220;][vc_column][vc_empty_space][vc_media_grid grid_id=&#8220;vc_gid:1621337011404-0ed8635f-7179-6&#8243; include=&#8220;77295,77281,76860&#8243; el_class=&#8220;align-center&#8220;][\/vc_column][\/vc_row][vc_row el_class=&#8220;testimonial-4 ausblenden&#8220;][vc_column width=&#8220;1\/2&#8243; el_class=&#8220;ausblenden&#8220;][vc_custom_heading text=&#8220;&#8220; font_container=&#8220;tag:h2|font_size:20|text_align:left&#8220; el_class=&#8220;heading-title-3&#8243;][vc_gallery interval=&#8220;3&#8243; images=&#8220;75142,75134&#8243;][\/vc_column][vc_column width=&#8220;1\/2&#8243;][vc_custom_heading text=&#8220;&#8220; font_container=&#8220;tag:h2|font_size:20|text_align:left&#8220; el_class=&#8220;heading-title-3&#8243;][vc_accordion active_tab=&#8220;1&#8243; el_class=&#8220;ausblenden&#8220;][vc_accordion_tab title=&#8220;&#8220;][vc_column_text][\/vc_column_text][\/vc_accordion_tab][vc_accordion_tab title=&#8220;&#8220;][vc_column_text][\/vc_column_text][\/vc_accordion_tab][vc_accordion_tab title=&#8220;&#8220;][vc_column_text][\/vc_column_text][\/vc_accordion_tab][vc_accordion_tab title=&#8220;&#8220;][vc_column_text][\/vc_column_text][\/vc_accordion_tab][\/vc_accordion][\/vc_column][\/vc_row]<\/p>","protected":false},"excerpt":{"rendered":"<p>[vc_row][vc_column][vc_column_text] Viele Maschinenbaukonstruktionen sind gepr\u00e4gt von Stahlelementen, da Stahl besonders robust und langlebig ist. Auch im Bereich des Maschinen und Pressenbaus findet der Werkstoff daher verbreitet Anwendung. Unser Unternehmen produziert aus Blechen oder Brammen f\u00fcr Sie, gem\u00e4\u00df Ihren vorgegebenen Zeichnungen und G\u00fcten,\u00a0 hochwertige Maschinenbauteile, wie zum Beispiel: [\/vc_column_text][vc_empty_space][\/vc_column][\/vc_row][vc_row][vc_column width=&#8220;1\/4&#8243;][\/vc_column][vc_column width=&#8220;1\/4&#8243;][vc_column_text] Seitenteile \/ Seitenst\u00e4nderbleche Rahmen zur [&hellip;]<\/p>","protected":false},"author":1,"featured_media":75134,"parent":75554,"menu_order":0,"comment_status":"closed","ping_status":"closed","template":"","meta":{"_monsterinsights_skip_tracking":false,"_monsterinsights_sitenote_active":false,"_monsterinsights_sitenote_note":"","_monsterinsights_sitenote_category":0},"yoast_head":"<!-- This site is optimized with the Yoast SEO plugin v14.9 - https:\/\/yoast.com\/wordpress\/plugins\/seo\/ -->\n<title>Pressenbau\/Maschinenbau - Scheibe Stahl Service - Herne<\/title>\n<meta name=\"description\" content=\"Scheibe Stahl Service \u2013 Ihr leistungsstarker Stahlschneider im Ruhrgebiet seit 1994: Offshore | Maschinenbau | Pressenbau | Formteile\" \/>\n<meta name=\"robots\" content=\"index, follow, max-snippet:-1, max-image-preview:large, max-video-preview:-1\" \/>\n<link rel=\"canonical\" href=\"https:\/\/wordpress.scheibe-stahl-service.de\/referenzen\/maschinenbau\/\" \/>\n<meta property=\"og:locale\" content=\"en_US\" \/>\n<meta property=\"og:type\" content=\"article\" \/>\n<meta property=\"og:title\" content=\"Pressenbau\/Maschinenbau - Scheibe Stahl Service - Herne\" \/>\n<meta property=\"og:description\" content=\"Scheibe Stahl Service \u2013 Ihr leistungsstarker Stahlschneider im Ruhrgebiet seit 1994: Offshore | Maschinenbau | Pressenbau | Formteile\" \/>\n<meta property=\"og:url\" content=\"https:\/\/wordpress.scheibe-stahl-service.de\/referenzen\/maschinenbau\/\" \/>\n<meta property=\"og:site_name\" content=\"Scheibe Stahl Service\" \/>\n<meta property=\"article:modified_time\" content=\"2021-05-18T11:28:28+00:00\" \/>\n<meta property=\"og:image\" content=\"https:\/\/www.scheibe-stahl-service.de\/wp-content\/uploads\/2020\/05\/Scheibestahl_2795_248_look_03_low.jpg\" \/>\n\t<meta property=\"og:image:width\" content=\"2000\" \/>\n\t<meta property=\"og:image:height\" content=\"1441\" \/>\n<meta name=\"twitter:card\" content=\"summary_large_image\" \/>\n<script type=\"application\/ld+json\" class=\"yoast-schema-graph\">{\"@context\":\"https:\/\/schema.org\",\"@graph\":[{\"@type\":\"WebSite\",\"@id\":\"https:\/\/www.scheibe-stahl-service.de\/en\/#website\",\"url\":\"https:\/\/www.scheibe-stahl-service.de\/en\/\",\"name\":\"Scheibe Stahl Service\",\"description\":\"Ihr Schneid- und Brennbetrieb speziell f\\u00fcr den Maschinen- und Pressenbau und die Offshore-Industrie.\",\"potentialAction\":[{\"@type\":\"SearchAction\",\"target\":\"https:\/\/www.scheibe-stahl-service.de\/en\/?s={search_term_string}\",\"query-input\":\"required name=search_term_string\"}],\"inLanguage\":\"en-US\"},{\"@type\":\"ImageObject\",\"@id\":\"https:\/\/wordpress.scheibe-stahl-service.de\/referenzen\/maschinenbau\/#primaryimage\",\"inLanguage\":\"en-US\",\"url\":\"https:\/\/www.scheibe-stahl-service.de\/wp-content\/uploads\/2020\/05\/Scheibestahl_2795_248_look_03_low.jpg\",\"width\":2000,\"height\":1441},{\"@type\":\"WebPage\",\"@id\":\"https:\/\/wordpress.scheibe-stahl-service.de\/referenzen\/maschinenbau\/#webpage\",\"url\":\"https:\/\/wordpress.scheibe-stahl-service.de\/referenzen\/maschinenbau\/\",\"name\":\"Pressenbau\/Maschinenbau - Scheibe Stahl Service - Herne\",\"isPartOf\":{\"@id\":\"https:\/\/www.scheibe-stahl-service.de\/en\/#website\"},\"primaryImageOfPage\":{\"@id\":\"https:\/\/wordpress.scheibe-stahl-service.de\/referenzen\/maschinenbau\/#primaryimage\"},\"datePublished\":\"2020-05-17T20:56:21+00:00\",\"dateModified\":\"2021-05-18T11:28:28+00:00\",\"description\":\"Scheibe Stahl Service \\u2013 Ihr leistungsstarker Stahlschneider im Ruhrgebiet seit 1994: Offshore | Maschinenbau | Pressenbau | Formteile\",\"inLanguage\":\"en-US\",\"potentialAction\":[{\"@type\":\"ReadAction\",\"target\":[\"https:\/\/wordpress.scheibe-stahl-service.de\/referenzen\/maschinenbau\/\"]}]}]}<\/script>\n<!-- \/ Yoast SEO plugin. -->","_links":{"self":[{"href":"https:\/\/www.scheibe-stahl-service.de\/en\/wp-json\/wp\/v2\/pages\/75218"}],"collection":[{"href":"https:\/\/www.scheibe-stahl-service.de\/en\/wp-json\/wp\/v2\/pages"}],"about":[{"href":"https:\/\/www.scheibe-stahl-service.de\/en\/wp-json\/wp\/v2\/types\/page"}],"author":[{"embeddable":true,"href":"https:\/\/www.scheibe-stahl-service.de\/en\/wp-json\/wp\/v2\/users\/1"}],"replies":[{"embeddable":true,"href":"https:\/\/www.scheibe-stahl-service.de\/en\/wp-json\/wp\/v2\/comments?post=75218"}],"version-history":[{"count":33,"href":"https:\/\/www.scheibe-stahl-service.de\/en\/wp-json\/wp\/v2\/pages\/75218\/revisions"}],"predecessor-version":[{"id":78050,"href":"https:\/\/www.scheibe-stahl-service.de\/en\/wp-json\/wp\/v2\/pages\/75218\/revisions\/78050"}],"up":[{"embeddable":true,"href":"https:\/\/www.scheibe-stahl-service.de\/en\/wp-json\/wp\/v2\/pages\/75554"}],"wp:featuredmedia":[{"embeddable":true,"href":"https:\/\/www.scheibe-stahl-service.de\/en\/wp-json\/wp\/v2\/media\/75134"}],"wp:attachment":[{"href":"https:\/\/www.scheibe-stahl-service.de\/en\/wp-json\/wp\/v2\/media?parent=75218"}],"curies":[{"name":"wp","href":"https:\/\/api.w.org\/{rel}","templated":true}]}}