{"id":75196,"date":"2020-05-17T15:32:51","date_gmt":"2020-05-17T15:32:51","guid":{"rendered":"http:\/\/wordpress.scheibe-stahl-service.de\/?page_id=75196"},"modified":"2026-04-27T16:23:37","modified_gmt":"2026-04-27T14:23:37","slug":"richten","status":"publish","type":"page","link":"https:\/\/www.scheibe-stahl-service.de\/en\/leistungen\/richten\/","title":{"rendered":"Richten"},"content":{"rendered":"<p>[vc_row][vc_column width=&#8220;1\/4&#8243;][vc_column_text][vc_widget_sidebar sidebar_id=&#8220;sidebar&#8220;][\/vc_column_text][\/vc_column][vc_column width=&#8220;1\/2&#8243; css=&#8220;.vc_custom_1614784167506{padding-top: 10px !important;padding-bottom: 10px !important;}&#8220;][vc_column_text]Wir richten f\u00fcr Sie in unserem Betrieb s\u00e4mtliche Formteile, Brennzuschnitte, Grobbleche oder Brammen bis zu einer Dicke von <strong>250 mm.<br \/>\n<\/strong><br \/>\nBei einer Arbeitsbreite von <strong>3.750 mm<\/strong> und einer Tischl\u00e4nge von<strong> 22.000 mm<\/strong>, k\u00f6nnen mit einer Presskraft von<strong> 1.200<\/strong> <strong>Tonnen<\/strong> nahezu alle Werkst\u00fccke gerichtet werden.<\/p>\n<p>Durch unsere leistungsstarke Richtpresse und unser qualifiziertes Personal k\u00f6nnen Ihre Stahlprodukte gem\u00e4\u00df Ihren Vorgaben kalt gerichtet werden.[\/vc_column_text][\/vc_column][vc_column width=&#8220;1\/4&#8243; el_class=&#8220;align-center&#8220; css=&#8220;.vc_custom_1614784002351{margin-top: 10px !important;}&#8220;][vc_row_inner][vc_column_inner][vc_column_text el_class=&#8220;align-center&#8220; css=&#8220;.vc_custom_1614782886799{padding-top: 20px !important;padding-bottom: 20px !important;}&#8220;]<\/p>\n<p style=\"text-align: center;\"><strong>Abmessungen<\/strong><\/p>\n<p>[\/vc_column_text][vc_column_text css=&#8220;.vc_custom_1777299808548{padding-top: 20px !important;padding-bottom: 20px !important;}&#8220;]<\/p>\n<ul class=\"listing\">\n<li><i class=\"fa fa-check\"><\/i> Dicken bis zu\u00a0 \u00a0 \u00a0 \u00a0 \u00a0 \u00a0 \u00a0 250 mm<\/li>\n<li><i class=\"fa fa-check\"><\/i> Breiten bis zu\u00a0 \u00a0 \u00a0 \u00a0 \u00a03.750 mm<\/li>\n<li><i class=\"fa fa-check\"><\/i> L\u00e4ngen bis zu\u00a0 \u00a0 \u00a0 22.000 mm<\/li>\n<\/ul>\n<p>[\/vc_column_text][vc_btn title=&#8220;Ihre Anfrage&#8220; style=&#8220;custom&#8220; custom_background=&#8220;#008fd3&#8243; custom_text=&#8220;#ffffff&#8220; size=&#8220;sm&#8220; el_class=&#8220;align-center&#8220; link=&#8220;url:https%3A%2F%2Fwordpress.scheibe-stahl-service.de%2Fkontakt%2F|title:Kontakt||&#8220; css=&#8220;.vc_custom_1614782907580{padding-top: 20px !important;padding-bottom: 20px !important;}&#8220;][\/vc_column_inner][\/vc_row_inner][\/vc_column][\/vc_row][vc_row css=&#8220;.vc_custom_1600694994097{margin-bottom: 40px !important;}&#8220; el_class=&#8220;ausblenden&#8220;][vc_column el_class=&#8220;ausblenden&#8220;][vc_custom_heading text=&#8220;&#8220; font_container=&#8220;tag:h2|font_size:20|text_align:left&#8220; el_class=&#8220;heading-title-3&#8243;][vc_accordion active_tab=&#8220;1&#8243; el_class=&#8220;ausblenden&#8220;][vc_accordion_tab title=&#8220;&#8220;][vc_column_text][\/vc_column_text][\/vc_accordion_tab][vc_accordion_tab title=&#8220;&#8220;][vc_column_text][\/vc_column_text][\/vc_accordion_tab][vc_accordion_tab title=&#8220;&#8220;][vc_column_text][\/vc_column_text][\/vc_accordion_tab][vc_accordion_tab title=&#8220;&#8220;][vc_column_text][\/vc_column_text][\/vc_accordion_tab][\/vc_accordion][\/vc_column][\/vc_row]<\/p>","protected":false},"excerpt":{"rendered":"<p>[vc_row][vc_column width=&#8220;1\/4&#8243;][vc_column_text][vc_widget_sidebar sidebar_id=&#8220;sidebar&#8220;][\/vc_column_text][\/vc_column][vc_column width=&#8220;1\/2&#8243; css=&#8220;.vc_custom_1614784167506{padding-top: 10px !important;padding-bottom: 10px !important;}&#8220;][vc_column_text]Wir richten f\u00fcr Sie in unserem Betrieb s\u00e4mtliche Formteile, Brennzuschnitte, Grobbleche oder Brammen bis zu einer Dicke von 250 mm. Bei einer Arbeitsbreite von 3.750 mm und einer Tischl\u00e4nge von 22.000 mm, k\u00f6nnen mit einer Presskraft von 1.200 Tonnen nahezu alle Werkst\u00fccke gerichtet werden. Durch unsere leistungsstarke [&hellip;]<\/p>","protected":false},"author":1,"featured_media":0,"parent":73053,"menu_order":0,"comment_status":"closed","ping_status":"closed","template":"","meta":{"_monsterinsights_skip_tracking":false,"_monsterinsights_sitenote_active":false,"_monsterinsights_sitenote_note":"","_monsterinsights_sitenote_category":0},"yoast_head":"<!-- This site is optimized with the Yoast SEO plugin v14.9 - https:\/\/yoast.com\/wordpress\/plugins\/seo\/ -->\n<title>Richten - Scheibe Stahl Service - Herne<\/title>\n<meta name=\"description\" content=\"Scheibe Stahl Service \u2013 Ihr leistungsstarker Stahl Partner im Ruhrgebiet seit 1994: Brennschneiden | Richten | Strahlen | Umschlag | Lager\" \/>\n<meta name=\"robots\" content=\"index, follow, max-snippet:-1, max-image-preview:large, max-video-preview:-1\" \/>\n<link rel=\"canonical\" href=\"https:\/\/www.scheibe-stahl-service.de\/en\/leistungen\/richten\/\" \/>\n<meta property=\"og:locale\" content=\"en_US\" \/>\n<meta property=\"og:type\" content=\"article\" \/>\n<meta property=\"og:title\" content=\"Richten - Scheibe Stahl Service - Herne\" \/>\n<meta property=\"og:description\" content=\"Scheibe Stahl Service \u2013 Ihr leistungsstarker Stahl Partner im Ruhrgebiet seit 1994: Brennschneiden | Richten | Strahlen | Umschlag | Lager\" \/>\n<meta property=\"og:url\" content=\"https:\/\/www.scheibe-stahl-service.de\/en\/leistungen\/richten\/\" \/>\n<meta property=\"og:site_name\" content=\"Scheibe Stahl Service\" \/>\n<meta property=\"article:modified_time\" content=\"2026-04-27T14:23:37+00:00\" \/>\n<meta name=\"twitter:card\" content=\"summary_large_image\" \/>\n<script type=\"application\/ld+json\" class=\"yoast-schema-graph\">{\"@context\":\"https:\/\/schema.org\",\"@graph\":[{\"@type\":\"WebSite\",\"@id\":\"https:\/\/www.scheibe-stahl-service.de\/en\/#website\",\"url\":\"https:\/\/www.scheibe-stahl-service.de\/en\/\",\"name\":\"Scheibe Stahl Service\",\"description\":\"Ihr Schneid- und Brennbetrieb speziell f\\u00fcr den Maschinen- und Pressenbau und die Offshore-Industrie.\",\"potentialAction\":[{\"@type\":\"SearchAction\",\"target\":\"https:\/\/www.scheibe-stahl-service.de\/en\/?s={search_term_string}\",\"query-input\":\"required name=search_term_string\"}],\"inLanguage\":\"en-US\"},{\"@type\":\"WebPage\",\"@id\":\"https:\/\/www.scheibe-stahl-service.de\/leistungen\/richten\/#webpage\",\"url\":\"https:\/\/www.scheibe-stahl-service.de\/leistungen\/richten\/\",\"name\":\"Richten - Scheibe Stahl Service - Herne\",\"isPartOf\":{\"@id\":\"https:\/\/www.scheibe-stahl-service.de\/en\/#website\"},\"datePublished\":\"2020-05-17T15:32:51+00:00\",\"dateModified\":\"2026-04-27T14:23:37+00:00\",\"description\":\"Scheibe Stahl Service \\u2013 Ihr leistungsstarker Stahl Partner im Ruhrgebiet seit 1994: Brennschneiden | Richten | Strahlen | Umschlag | Lager\",\"inLanguage\":\"en-US\",\"potentialAction\":[{\"@type\":\"ReadAction\",\"target\":[\"https:\/\/www.scheibe-stahl-service.de\/leistungen\/richten\/\"]}]}]}<\/script>\n<!-- \/ Yoast SEO plugin. -->","_links":{"self":[{"href":"https:\/\/www.scheibe-stahl-service.de\/en\/wp-json\/wp\/v2\/pages\/75196"}],"collection":[{"href":"https:\/\/www.scheibe-stahl-service.de\/en\/wp-json\/wp\/v2\/pages"}],"about":[{"href":"https:\/\/www.scheibe-stahl-service.de\/en\/wp-json\/wp\/v2\/types\/page"}],"author":[{"embeddable":true,"href":"https:\/\/www.scheibe-stahl-service.de\/en\/wp-json\/wp\/v2\/users\/1"}],"replies":[{"embeddable":true,"href":"https:\/\/www.scheibe-stahl-service.de\/en\/wp-json\/wp\/v2\/comments?post=75196"}],"version-history":[{"count":63,"href":"https:\/\/www.scheibe-stahl-service.de\/en\/wp-json\/wp\/v2\/pages\/75196\/revisions"}],"predecessor-version":[{"id":78626,"href":"https:\/\/www.scheibe-stahl-service.de\/en\/wp-json\/wp\/v2\/pages\/75196\/revisions\/78626"}],"up":[{"embeddable":true,"href":"https:\/\/www.scheibe-stahl-service.de\/en\/wp-json\/wp\/v2\/pages\/73053"}],"wp:attachment":[{"href":"https:\/\/www.scheibe-stahl-service.de\/en\/wp-json\/wp\/v2\/media?parent=75196"}],"curies":[{"name":"wp","href":"https:\/\/api.w.org\/{rel}","templated":true}]}}