{"id":75119,"date":"2020-05-17T12:20:32","date_gmt":"2020-05-17T12:20:32","guid":{"rendered":"http:\/\/wordpress.scheibe-stahl-service.de\/?page_id=75119"},"modified":"2026-03-09T15:55:05","modified_gmt":"2026-03-09T13:55:05","slug":"iso-9001-qualitaetsmanagement","status":"publish","type":"page","link":"https:\/\/www.scheibe-stahl-service.de\/en\/unternehmen-herne\/iso-9001-qualitaetsmanagement\/","title":{"rendered":"Qualit\u00e4tsmanagement"},"content":{"rendered":"<p>[vc_row][vc_column width=&#8220;1\/4&#8243;][vc_column_text][vc_widget_sidebar sidebar_id=&#8220;sidebar&#8220;][\/vc_column_text][\/vc_column][vc_column width=&#8220;3\/4&#8243;][vc_column_text]<\/p>\n<h3>Wir sind zertifiziert!<\/h3>\n<p>Gem\u00e4\u00df der aktuellen <strong>DIN EN ISO 9001 : 2015 <\/strong>erf\u00fcllen wir alle dort enthaltenen Qualit\u00e4tsanforderungen.<\/p>\n<p>Wir lassen unsere Abl\u00e4ufe regelm\u00e4\u00dfig pr\u00fcfen, um uns f\u00fcr Sie st\u00e4ndig weiter zu entwickeln, <strong>Produkt- und Dienstleistungsqualit\u00e4t<\/strong> sicherzustellen und Ihnen <strong>nachweislich eine Transparenz unserer Qualit\u00e4t<\/strong> zu pr\u00e4sentieren.<\/p>\n<p>Nat\u00fcrlich ruhen wir uns nicht darauf aus, sondern entwickeln kontinuierlich Konzepte, um unsere internen sowie externen Abl\u00e4ufe zu optimieren.[\/vc_column_text][vc_empty_space height=&#8220;30&#8243;][\/vc_column][\/vc_row][vc_row][vc_column][vc_separator border_width=&#8220;5&#8243; css=&#8220;.vc_custom_1614094290287{background-color: #d1d1d1 !important;}&#8220;][vc_empty_space height=&#8220;10&#8243;][vc_row_inner content_placement=&#8220;middle&#8220; el_class=&#8220;our-partners-center&#8220; css=&#8220;.vc_custom_1614163491003{margin-top: 25px !important;margin-bottom: 25px !important;}&#8220;][vc_column_inner el_class=&#8220;align-center&#8220; width=&#8220;1\/6&#8243; css=&#8220;.vc_custom_1614160317343{margin-bottom: -15px !important;}&#8220;][vc_icon icon_fontawesome=&#8220;fas fa-marker&#8220; color=&#8220;custom&#8220; size=&#8220;lg&#8220; align=&#8220;center&#8220; custom_color=&#8220;#008fd3&#8243; css=&#8220;.vc_custom_1614163466218{margin-top: 0px !important;}&#8220; el_class=&#8220;align-center&#8220;][\/vc_column_inner][vc_column_inner el_class=&#8220;align-center&#8220; width=&#8220;1\/2&#8243;][vc_column_text]<\/p>\n<h4 style=\"text-align: center;\">DIN EN ISO 9001 : 2015<\/h4>\n<p style=\"text-align: center;\">Unsere aktuellen ISO 9001 Zertifizierung finden Sie hier:<\/p>\n<p>[\/vc_column_text][\/vc_column_inner][vc_column_inner el_class=&#8220;align-center&#8220; width=&#8220;1\/3&#8243;][vc_btn title=&#8220;Download.pdf&#8220; shape=&#8220;square&#8220; align=&#8220;center&#8220; i_icon_fontawesome=&#8220;fab fa-wpforms&#8220; add_icon=&#8220;true&#8220; el_class=&#8220;download-btn&#8220; link=&#8220;url:https%3A%2F%2Fwww.scheibe-stahl-service.de%2Fwp-content%2Fuploads%2F2026%2F03%2FSGS_ISO-9001_2015_DESTU_819942613_DE_2025.pdf||target:%20_blank|&#8220;][\/vc_column_inner][\/vc_row_inner][vc_empty_space height=&#8220;10px&#8220;][vc_separator border_width=&#8220;5&#8243; css=&#8220;.vc_custom_1614094300223{background-color: #d1d1d1 !important;}&#8220;][vc_empty_space height=&#8220;30&#8243;][vc_column_text]Im Allgemeinen umfasst das Qualit\u00e4tsmanagement alle Ma\u00dfnahmen zur Planung, Steuerung und Optimierung von Prozessen anhand vorgegebener Anforderungen. Ziel ist es, die Qualit\u00e4t eines Produktes oder einer Dienstleistung sicherzustellen, zu \u00fcberwachen und damit die Kundenzufriedenheit zu gew\u00e4hrleisten. Die DIN EN ISO 9000 ff. ist die international am weitesten verbreitete Norm, die Begriffe, Prinzipien und Standards f\u00fcr ein wirksames Qualit\u00e4tsmanagementsystem (QMS oder QM-System) bestimmt. Die DIN EN ISO 9001 ist eine Norm aus der Gesamtreihe der DIN EN ISO 9000 ff. In der Norm ISO 9001 ist die Mindestanforderungen an ein Qualit\u00e4tsmanagementsystem (QM-System) festgelegt. Die aktuelle Revision ISO 9001 : 2015 bestimmt die Qualit\u00e4tsanforderungen (QM-Anforderungen) in den Rubriken der Organisation, F\u00fchrung, Planung, Unterst\u00fctzung, Betrieb, Bewertung der Leistung und Verbesserung.[\/vc_column_text][vc_empty_space height=&#8220;20&#8243;][\/vc_column][\/vc_row]<\/p>","protected":false},"excerpt":{"rendered":"<p>[vc_row][vc_column width=&#8220;1\/4&#8243;][vc_column_text][vc_widget_sidebar sidebar_id=&#8220;sidebar&#8220;][\/vc_column_text][\/vc_column][vc_column width=&#8220;3\/4&#8243;][vc_column_text] Wir sind zertifiziert! Gem\u00e4\u00df der aktuellen DIN EN ISO 9001 : 2015 erf\u00fcllen wir alle dort enthaltenen Qualit\u00e4tsanforderungen. Wir lassen unsere Abl\u00e4ufe regelm\u00e4\u00dfig pr\u00fcfen, um uns f\u00fcr Sie st\u00e4ndig weiter zu entwickeln, Produkt- und Dienstleistungsqualit\u00e4t sicherzustellen und Ihnen nachweislich eine Transparenz unserer Qualit\u00e4t zu pr\u00e4sentieren. Nat\u00fcrlich ruhen wir uns nicht darauf [&hellip;]<\/p>","protected":false},"author":1,"featured_media":0,"parent":75404,"menu_order":0,"comment_status":"closed","ping_status":"closed","template":"","meta":{"_monsterinsights_skip_tracking":false,"_monsterinsights_sitenote_active":false,"_monsterinsights_sitenote_note":"","_monsterinsights_sitenote_category":0},"yoast_head":"<!-- This site is optimized with the Yoast SEO plugin v14.9 - https:\/\/yoast.com\/wordpress\/plugins\/seo\/ -->\n<title>Qualit\u00e4tsmanagement - Scheibe Stahl Service ist zertifiziert nach ISO 9001<\/title>\n<meta name=\"description\" content=\"Produkt- und Dienstleistungsqualit\u00e4t ist bei Scheibe Stahl Service das oberste Gut. Wir sind zertifiziert nach DIN EN ISO 9001:2015.\" \/>\n<meta name=\"robots\" content=\"index, follow, max-snippet:-1, max-image-preview:large, max-video-preview:-1\" \/>\n<link rel=\"canonical\" href=\"https:\/\/www.scheibe-stahl-service.de\/en\/unternehmen-herne\/iso-9001-qualitaetsmanagement\/\" \/>\n<meta property=\"og:locale\" content=\"en_US\" \/>\n<meta property=\"og:type\" content=\"article\" \/>\n<meta property=\"og:title\" content=\"Qualit\u00e4tsmanagement - Scheibe Stahl Service ist zertifiziert nach ISO 9001\" \/>\n<meta property=\"og:description\" content=\"Produkt- und Dienstleistungsqualit\u00e4t ist bei Scheibe Stahl Service das oberste Gut. Wir sind zertifiziert nach DIN EN ISO 9001:2015.\" \/>\n<meta property=\"og:url\" content=\"https:\/\/www.scheibe-stahl-service.de\/en\/unternehmen-herne\/iso-9001-qualitaetsmanagement\/\" \/>\n<meta property=\"og:site_name\" content=\"Scheibe Stahl Service\" \/>\n<meta property=\"article:modified_time\" content=\"2026-03-09T13:55:05+00:00\" \/>\n<meta name=\"twitter:card\" content=\"summary_large_image\" \/>\n<script type=\"application\/ld+json\" class=\"yoast-schema-graph\">{\"@context\":\"https:\/\/schema.org\",\"@graph\":[{\"@type\":\"WebSite\",\"@id\":\"https:\/\/www.scheibe-stahl-service.de\/en\/#website\",\"url\":\"https:\/\/www.scheibe-stahl-service.de\/en\/\",\"name\":\"Scheibe Stahl Service\",\"description\":\"Ihr Schneid- und Brennbetrieb speziell f\\u00fcr den Maschinen- und Pressenbau und die Offshore-Industrie.\",\"potentialAction\":[{\"@type\":\"SearchAction\",\"target\":\"https:\/\/www.scheibe-stahl-service.de\/en\/?s={search_term_string}\",\"query-input\":\"required name=search_term_string\"}],\"inLanguage\":\"en-US\"},{\"@type\":\"WebPage\",\"@id\":\"https:\/\/www.scheibe-stahl-service.de\/unternehmen-herne\/iso-9001-qualitaetsmanagement\/#webpage\",\"url\":\"https:\/\/www.scheibe-stahl-service.de\/unternehmen-herne\/iso-9001-qualitaetsmanagement\/\",\"name\":\"Qualit\\u00e4tsmanagement - Scheibe Stahl Service ist zertifiziert nach ISO 9001\",\"isPartOf\":{\"@id\":\"https:\/\/www.scheibe-stahl-service.de\/en\/#website\"},\"datePublished\":\"2020-05-17T12:20:32+00:00\",\"dateModified\":\"2026-03-09T13:55:05+00:00\",\"description\":\"Produkt- und Dienstleistungsqualit\\u00e4t ist bei Scheibe Stahl Service das oberste Gut. Wir sind zertifiziert nach DIN EN ISO 9001:2015.\",\"inLanguage\":\"en-US\",\"potentialAction\":[{\"@type\":\"ReadAction\",\"target\":[\"https:\/\/www.scheibe-stahl-service.de\/unternehmen-herne\/iso-9001-qualitaetsmanagement\/\"]}]}]}<\/script>\n<!-- \/ Yoast SEO plugin. -->","_links":{"self":[{"href":"https:\/\/www.scheibe-stahl-service.de\/en\/wp-json\/wp\/v2\/pages\/75119"}],"collection":[{"href":"https:\/\/www.scheibe-stahl-service.de\/en\/wp-json\/wp\/v2\/pages"}],"about":[{"href":"https:\/\/www.scheibe-stahl-service.de\/en\/wp-json\/wp\/v2\/types\/page"}],"author":[{"embeddable":true,"href":"https:\/\/www.scheibe-stahl-service.de\/en\/wp-json\/wp\/v2\/users\/1"}],"replies":[{"embeddable":true,"href":"https:\/\/www.scheibe-stahl-service.de\/en\/wp-json\/wp\/v2\/comments?post=75119"}],"version-history":[{"count":60,"href":"https:\/\/www.scheibe-stahl-service.de\/en\/wp-json\/wp\/v2\/pages\/75119\/revisions"}],"predecessor-version":[{"id":78615,"href":"https:\/\/www.scheibe-stahl-service.de\/en\/wp-json\/wp\/v2\/pages\/75119\/revisions\/78615"}],"up":[{"embeddable":true,"href":"https:\/\/www.scheibe-stahl-service.de\/en\/wp-json\/wp\/v2\/pages\/75404"}],"wp:attachment":[{"href":"https:\/\/www.scheibe-stahl-service.de\/en\/wp-json\/wp\/v2\/media?parent=75119"}],"curies":[{"name":"wp","href":"https:\/\/api.w.org\/{rel}","templated":true}]}}