{"id":75051,"date":"2020-05-17T11:37:51","date_gmt":"2020-05-17T11:37:51","guid":{"rendered":"http:\/\/wordpress.scheibe-stahl-service.de\/?page_id=75051"},"modified":"2026-03-09T15:48:17","modified_gmt":"2026-03-09T13:48:17","slug":"ueber-uns","status":"publish","type":"page","link":"https:\/\/www.scheibe-stahl-service.de\/en\/unternehmen-herne\/ueber-uns\/","title":{"rendered":"\u00dcber uns"},"content":{"rendered":"<p>[vc_row][vc_column width=&#8220;1\/4&#8243;][vc_column_text][vc_widget_sidebar sidebar_id=&#8220;sidebar&#8220;][\/vc_column_text][\/vc_column][vc_column width=&#8220;3\/4&#8243;][vc_column_text]Wir \u2013 die\u00a0<strong>Scheibe Stahl-Service GmbH &amp; Co. KG<\/strong> \u2013 sind ein mittelst\u00e4ndiges, familiengef\u00fchrtes Stahlbearbeitungsunternehmen aus Herne, das national und international t\u00e4tig ist.<br \/>\n<strong>1994\u00a0<\/strong>gr\u00fcndeten Arnold Scheibe und Arnd Scheibe das Unternehmen und besch\u00e4ftigen derzeit \u00fcber 30 Mitarbeiterinnen und Mitarbeiter. Unser verkehrsg\u00fcnstiger Standort im Herner Industriegebiet <a href=\"https:\/\/www.google.com\/maps\/dir\/\/51.5659652,7.2595277\/@51.565965,7.259528,16z?hl=de\" target=\"_blank\" rel=\"noopener noreferrer\">&#8211; Friedrich der Gro\u00dfe &#8211;<\/a> bietet eine direkte Autobahn- sowie Schifffahrtsanbindung.[\/vc_column_text][\/vc_column][\/vc_row][vc_section content_placement=&#8220;middle&#8220;][vc_row][vc_column][vc_empty_space height=&#8220;10px&#8220;][vc_separator border_width=&#8220;5&#8243; css=&#8220;.vc_custom_1614094558418{background-color: #d1d1d1 !important;}&#8220;][vc_empty_space][vc_empty_space][vc_row_inner css=&#8220;.vc_custom_1614084163114{margin-bottom: 20px !important;}&#8220; el_class=&#8220;history-page&#8220;][vc_column_inner width=&#8220;1\/4&#8243;][\/vc_column_inner][vc_column_inner width=&#8220;3\/4&#8243;][vc_custom_heading text=&#8220;Unternehmenshistorie&#8220; font_container=&#8220;tag:h2|font_size:20|text_align:center&#8220; el_class=&#8220;heading-title-3 align-center&#8220;][\/vc_column_inner][\/vc_row_inner][vc_row_inner css=&#8220;.vc_custom_1614084242225{margin-bottom: 20px !important;}&#8220; el_class=&#8220;history-page&#8220;][vc_column_inner width=&#8220;1\/4&#8243;][vc_single_image image=&#8220;78514&#8243; img_size=&#8220;70&#215;80&#8243; alignment=&#8220;center&#8220; css=&#8220;.vc_custom_1677667105856{margin-bottom: 25px !important;}&#8220;][\/vc_column_inner][vc_column_inner width=&#8220;3\/4&#8243;][vc_column_text el_class=&#8220;history&#8220;]<\/p>\n<h3><em>2023<\/em> . Brennstra\u00dfe<\/h3>\n<p>Inbetriebnahme 2. Brennstra\u00dfe[\/vc_column_text][\/vc_column_inner][\/vc_row_inner][vc_row_inner css=&#8220;.vc_custom_1614084242225{margin-bottom: 20px !important;}&#8220; el_class=&#8220;history-page&#8220;][vc_column_inner width=&#8220;1\/4&#8243;][vc_single_image image=&#8220;78486&#8243; img_size=&#8220;70&#215;80&#8243; alignment=&#8220;center&#8220; css=&#8220;.vc_custom_1661257859607{margin-bottom: 25px !important;}&#8220;][\/vc_column_inner][vc_column_inner width=&#8220;3\/4&#8243;][vc_column_text el_class=&#8220;history&#8220;]<\/p>\n<h3><em>2022<\/em> . Photovoltaikanlage<\/h3>\n<p>Inbetriebnahme der 300 kW Photovoltaikanlage[\/vc_column_text][\/vc_column_inner][\/vc_row_inner][vc_row_inner css=&#8220;.vc_custom_1614084242225{margin-bottom: 20px !important;}&#8220; el_class=&#8220;history-page&#8220;][vc_column_inner width=&#8220;1\/4&#8243;][vc_single_image image=&#8220;78252&#8243; img_size=&#8220;70&#215;80&#8243; alignment=&#8220;center&#8220; css=&#8220;.vc_custom_1621932120131{margin-bottom: 25px !important;}&#8220;][\/vc_column_inner][vc_column_inner width=&#8220;3\/4&#8243;][vc_column_text el_class=&#8220;history&#8220;]<\/p>\n<h3><em>2021<\/em> . Traverse<\/h3>\n<p>Anschaffung einer Traverse (mit Kranhaken) f\u00fcr Bleche mit einer L\u00e4nge von 26 Metern und einem St\u00fcckgewicht bis zu 50 Tonnen[\/vc_column_text][\/vc_column_inner][\/vc_row_inner][vc_row_inner css=&#8220;.vc_custom_1614084242225{margin-bottom: 20px !important;}&#8220; el_class=&#8220;history-page&#8220;][vc_column_inner width=&#8220;1\/4&#8243;][vc_single_image image=&#8220;76707&#8243; img_size=&#8220;70&#215;80&#8243; alignment=&#8220;center&#8220; css=&#8220;.vc_custom_1601623685952{margin-bottom: 25px !important;}&#8220;][\/vc_column_inner][vc_column_inner width=&#8220;3\/4&#8243;][vc_column_text el_class=&#8220;history&#8220;]<\/p>\n<h3><em>2020<\/em>\u00a0. Strahlanlage<\/h3>\n<p>Erweiterung des Maschinenparks um eine Durchlaufstrahlanlage<\/p>\n<p>[\/vc_column_text][\/vc_column_inner][\/vc_row_inner][vc_row_inner css=&#8220;.vc_custom_1614084281889{margin-bottom: 20px !important;}&#8220; el_class=&#8220;history-page&#8220;][vc_column_inner width=&#8220;1\/4&#8243;][vc_empty_space height=&#8220;10px&#8220;][vc_icon icon_fontawesome=&#8220;fas fa-glass-cheers&#8220; color=&#8220;black&#8220; size=&#8220;xl&#8220; align=&#8220;center&#8220; el_class=&#8220;align-center&#8220;][\/vc_column_inner][vc_column_inner width=&#8220;3\/4&#8243;][vc_column_text el_class=&#8220;history&#8220;]<\/p>\n<h3><em>2019<\/em>\u00a0. Jubil\u00e4um<\/h3>\n<p>25 Jahre Scheibe Stahl-Service GmbH &amp; Co. KG<\/p>\n<p>[\/vc_column_text][\/vc_column_inner][\/vc_row_inner][vc_row_inner css=&#8220;.vc_custom_1614086464634{margin-bottom: 20px !important;}&#8220; el_class=&#8220;history-page&#8220;][vc_column_inner width=&#8220;1\/4&#8243;][vc_single_image image=&#8220;76708&#8243; img_size=&#8220;81&#215;84&#8243; alignment=&#8220;center&#8220; css=&#8220;.vc_custom_1601623724119{margin-bottom: 25px !important;}&#8220;][\/vc_column_inner][vc_column_inner width=&#8220;3\/4&#8243;][vc_column_text el_class=&#8220;history&#8220;]<\/p>\n<h3><em>2012<\/em>\u00a0. CNC Brennschneidmaschine<\/h3>\n<p>Erweiterung des Maschinenparks um eine CNC Brennschneidmaschine mit Dreibrennerdrehaggregat<\/p>\n<p>[\/vc_column_text][\/vc_column_inner][\/vc_row_inner][vc_row_inner css=&#8220;.vc_custom_1614086439411{margin-bottom: 20px !important;}&#8220; el_class=&#8220;history-page&#8220;][vc_column_inner width=&#8220;1\/4&#8243;][vc_single_image image=&#8220;76706&#8243; img_size=&#8220;60&#215;80&#8243; alignment=&#8220;center&#8220; css=&#8220;.vc_custom_1601623732542{margin-bottom: 25px !important;}&#8220;][\/vc_column_inner][vc_column_inner width=&#8220;3\/4&#8243;][vc_column_text el_class=&#8220;history&#8220;]<\/p>\n<h3><em>2009<\/em> . Richtpresse<\/h3>\n<p>Anschaffung einer Richtpresse[\/vc_column_text][\/vc_column_inner][\/vc_row_inner][vc_row_inner css=&#8220;.vc_custom_1614086379771{margin-bottom: 20px !important;}&#8220; el_class=&#8220;history-page&#8220;][vc_column_inner width=&#8220;1\/4&#8243;][vc_empty_space height=&#8220;10px&#8220;][vc_icon icon_fontawesome=&#8220;fas fa-briefcase&#8220; color=&#8220;black&#8220; size=&#8220;xl&#8220; align=&#8220;center&#8220; el_class=&#8220;align-center&#8220;][\/vc_column_inner][vc_column_inner width=&#8220;3\/4&#8243;][vc_column_text el_class=&#8220;history&#8220;]<\/p>\n<h3><em>2005<\/em> . Standortwechsel<\/h3>\n<p>Standortwechsel von K\u00f6ln nach Herne &#8211; Einzug in das neue Firmengeb\u00e4ude<\/p>\n<p>[\/vc_column_text][\/vc_column_inner][\/vc_row_inner][vc_row_inner css=&#8220;.vc_custom_1614086392954{margin-bottom: 20px !important;}&#8220; el_class=&#8220;history-page&#8220;][vc_column_inner width=&#8220;1\/4&#8243;][vc_empty_space height=&#8220;10px&#8220;][vc_icon icon_fontawesome=&#8220;fas fa-pen-nib&#8220; color=&#8220;black&#8220; size=&#8220;xl&#8220; align=&#8220;center&#8220; el_class=&#8220;align-center&#8220;][\/vc_column_inner][vc_column_inner width=&#8220;3\/4&#8243;][vc_column_text el_class=&#8220;history&#8220;]<\/p>\n<h3><em>2005<\/em> . Umfirmierung<\/h3>\n<p>Umfirmierung von Crampe Stahl-Service GmbH zu Scheibe Stahl-Service GmbH &amp; Co. KG<\/p>\n<p>[\/vc_column_text][\/vc_column_inner][\/vc_row_inner][vc_row_inner css=&#8220;.vc_custom_1614086400490{margin-bottom: 20px !important;}&#8220; el_class=&#8220;history-page&#8220;][vc_column_inner width=&#8220;1\/4&#8243;][vc_empty_space height=&#8220;10px&#8220;][vc_icon type=&#8220;openiconic&#8220; icon_openiconic=&#8220;vc-oi vc-oi-wrench&#8220; color=&#8220;black&#8220; size=&#8220;xl&#8220; align=&#8220;center&#8220; el_class=&#8220;align-center&#8220;][\/vc_column_inner][vc_column_inner width=&#8220;3\/4&#8243;][vc_column_text el_class=&#8220;history&#8220;]<\/p>\n<h3><em>2004<\/em> . Errichtung Standort Herne<\/h3>\n<p>Bau des heutigen Firmensitzes im Industriegebiet Friedrich der Gro\u00dfe am Rhein-Herne-Kanal[\/vc_column_text][\/vc_column_inner][\/vc_row_inner][vc_row_inner css=&#8220;.vc_custom_1614086408970{margin-bottom: 20px !important;}&#8220; el_class=&#8220;history-page&#8220;][vc_column_inner width=&#8220;1\/4&#8243;][vc_empty_space height=&#8220;10px&#8220;][vc_icon icon_fontawesome=&#8220;fas fa-university&#8220; color=&#8220;black&#8220; size=&#8220;xl&#8220; align=&#8220;center&#8220; el_class=&#8220;align-center&#8220;][\/vc_column_inner][vc_column_inner width=&#8220;3\/4&#8243;][vc_column_text el_class=&#8220;history&#8220;]<\/p>\n<h3><em>1994<\/em>\u00a0. Gr\u00fcndung<\/h3>\n<p>\u00dcbernahme der Firma Crampe Stahl Service GmbH in K\u00f6ln<\/p>\n<p>[\/vc_column_text][\/vc_column_inner][\/vc_row_inner][\/vc_column][\/vc_row][\/vc_section][vc_row][vc_column el_class=&#8220;align-center&#8220; css=&#8220;.vc_custom_1614088311252{border-radius: 20px !important;}&#8220;][vc_row_inner el_class=&#8220;align-center people ausblenden&#8220;][vc_column_inner width=&#8220;1\/3&#8243; css=&#8220;.vc_custom_1594882178557{margin-bottom: 50px !important;}&#8220;][vc_column_text]<img decoding=\"async\" loading=\"lazy\" class=\"alignnone wp-image-75142 size-medium\" src=\"https:\/\/wordpress.scheibe-stahl-service.de\/wp-content\/uploads\/2020\/05\/scheibe_stahl_service_arnd_scheibe_geschaeftsfuehrer-300x223.png\" alt=\"\" width=\"300\" height=\"223\" srcset=\"https:\/\/www.scheibe-stahl-service.de\/wp-content\/uploads\/2020\/05\/scheibe_stahl_service_arnd_scheibe_geschaeftsfuehrer-300x223.png 300w, https:\/\/www.scheibe-stahl-service.de\/wp-content\/uploads\/2020\/05\/scheibe_stahl_service_arnd_scheibe_geschaeftsfuehrer-1024x762.png 1024w, https:\/\/www.scheibe-stahl-service.de\/wp-content\/uploads\/2020\/05\/scheibe_stahl_service_arnd_scheibe_geschaeftsfuehrer-768x572.png 768w, https:\/\/www.scheibe-stahl-service.de\/wp-content\/uploads\/2020\/05\/scheibe_stahl_service_arnd_scheibe_geschaeftsfuehrer.png 1080w\" sizes=\"(max-width: 300px) 100vw, 300px\" \/><\/p>\n<h4>Arnd Scheibe<\/h4>\n<p><em>Gesch\u00e4ftsf\u00fchrer<\/em> Nam quam nunc, blandit vel, luctus pulvinar, hendrerit id, lorem. Maecenas nec odio et ante tincidunt tempus. Donec vitae sapien ut libero venenatis faucibus. Nullam quis ante.[\/vc_column_text][\/vc_column_inner][vc_column_inner width=&#8220;1\/3&#8243; css=&#8220;.vc_custom_1594882185535{margin-bottom: 50px !important;}&#8220;][vc_column_text]<img decoding=\"async\" loading=\"lazy\" class=\"alignnone wp-image-75142 size-medium\" src=\"https:\/\/wordpress.scheibe-stahl-service.de\/wp-content\/uploads\/2020\/05\/scheibe_stahl_service_arnd_scheibe_geschaeftsfuehrer-300x223.png\" alt=\"\" width=\"300\" height=\"223\" srcset=\"https:\/\/www.scheibe-stahl-service.de\/wp-content\/uploads\/2020\/05\/scheibe_stahl_service_arnd_scheibe_geschaeftsfuehrer-300x223.png 300w, https:\/\/www.scheibe-stahl-service.de\/wp-content\/uploads\/2020\/05\/scheibe_stahl_service_arnd_scheibe_geschaeftsfuehrer-1024x762.png 1024w, https:\/\/www.scheibe-stahl-service.de\/wp-content\/uploads\/2020\/05\/scheibe_stahl_service_arnd_scheibe_geschaeftsfuehrer-768x572.png 768w, https:\/\/www.scheibe-stahl-service.de\/wp-content\/uploads\/2020\/05\/scheibe_stahl_service_arnd_scheibe_geschaeftsfuehrer.png 1080w\" sizes=\"(max-width: 300px) 100vw, 300px\" \/><\/p>\n<h4>Arnd Scheibe<\/h4>\n<p><em>Gesch\u00e4ftsf\u00fchrer<\/em> Nam quam nunc, blandit vel, luctus pulvinar, hendrerit id, lorem. Maecenas nec odio et ante tincidunt tempus. Donec vitae sapien ut libero venenatis faucibus. Nullam quis ante.[\/vc_column_text][\/vc_column_inner][vc_column_inner width=&#8220;1\/3&#8243; css=&#8220;.vc_custom_1594882191700{margin-bottom: 50px !important;}&#8220;][vc_column_text]<img decoding=\"async\" loading=\"lazy\" class=\"alignnone wp-image-75142 size-medium\" src=\"https:\/\/wordpress.scheibe-stahl-service.de\/wp-content\/uploads\/2020\/05\/scheibe_stahl_service_arnd_scheibe_geschaeftsfuehrer-300x223.png\" alt=\"\" width=\"300\" height=\"223\" srcset=\"https:\/\/www.scheibe-stahl-service.de\/wp-content\/uploads\/2020\/05\/scheibe_stahl_service_arnd_scheibe_geschaeftsfuehrer-300x223.png 300w, https:\/\/www.scheibe-stahl-service.de\/wp-content\/uploads\/2020\/05\/scheibe_stahl_service_arnd_scheibe_geschaeftsfuehrer-1024x762.png 1024w, https:\/\/www.scheibe-stahl-service.de\/wp-content\/uploads\/2020\/05\/scheibe_stahl_service_arnd_scheibe_geschaeftsfuehrer-768x572.png 768w, https:\/\/www.scheibe-stahl-service.de\/wp-content\/uploads\/2020\/05\/scheibe_stahl_service_arnd_scheibe_geschaeftsfuehrer.png 1080w\" sizes=\"(max-width: 300px) 100vw, 300px\" \/><\/p>\n<h4>Arnd Scheibe<\/h4>\n<p><em>Gesch\u00e4ftsf\u00fchrer<\/em> Nam quam nunc, blandit vel, luctus pulvinar, hendrerit id, lorem. Maecenas nec odio et ante tincidunt tempus. Donec vitae sapien ut libero venenatis faucibus. Nullam quis ante.[\/vc_column_text][\/vc_column_inner][\/vc_row_inner][\/vc_column][\/vc_row]<\/p>","protected":false},"excerpt":{"rendered":"<p>[vc_row][vc_column width=&#8220;1\/4&#8243;][vc_column_text][vc_widget_sidebar sidebar_id=&#8220;sidebar&#8220;][\/vc_column_text][\/vc_column][vc_column width=&#8220;3\/4&#8243;][vc_column_text]Wir \u2013 die\u00a0Scheibe Stahl-Service GmbH &amp; Co. KG \u2013 sind ein mittelst\u00e4ndiges, familiengef\u00fchrtes Stahlbearbeitungsunternehmen aus Herne, das national und international t\u00e4tig ist. 1994\u00a0gr\u00fcndeten Arnold Scheibe und Arnd Scheibe das Unternehmen und besch\u00e4ftigen derzeit \u00fcber 30 Mitarbeiterinnen und Mitarbeiter. Unser verkehrsg\u00fcnstiger Standort im Herner Industriegebiet &#8211; Friedrich der Gro\u00dfe &#8211; bietet eine direkte [&hellip;]<\/p>","protected":false},"author":1,"featured_media":0,"parent":75404,"menu_order":0,"comment_status":"closed","ping_status":"closed","template":"","meta":{"_monsterinsights_skip_tracking":false,"_monsterinsights_sitenote_active":false,"_monsterinsights_sitenote_note":"","_monsterinsights_sitenote_category":0},"yoast_head":"<!-- This site is optimized with the Yoast SEO plugin v14.9 - https:\/\/yoast.com\/wordpress\/plugins\/seo\/ -->\n<title>\u00dcber uns - Scheibe Stahl Service schneidet Stahl seit 1994<\/title>\n<meta name=\"description\" content=\"Scheibe Stahl Service in Herne schneidet Stahl seit 1994. Wir bieten logisitsche Vorteile durch unsere Lage am Rhein-Herne-Kanal.\" \/>\n<meta name=\"robots\" content=\"index, follow, max-snippet:-1, max-image-preview:large, max-video-preview:-1\" \/>\n<link rel=\"canonical\" href=\"https:\/\/www.scheibe-stahl-service.de\/en\/unternehmen-herne\/ueber-uns\/\" \/>\n<meta property=\"og:locale\" content=\"en_US\" \/>\n<meta property=\"og:type\" content=\"article\" \/>\n<meta property=\"og:title\" content=\"\u00dcber uns - Scheibe Stahl Service schneidet Stahl seit 1994\" \/>\n<meta property=\"og:description\" content=\"Scheibe Stahl Service in Herne schneidet Stahl seit 1994. Wir bieten logisitsche Vorteile durch unsere Lage am Rhein-Herne-Kanal.\" \/>\n<meta property=\"og:url\" content=\"https:\/\/www.scheibe-stahl-service.de\/en\/unternehmen-herne\/ueber-uns\/\" \/>\n<meta property=\"og:site_name\" content=\"Scheibe Stahl Service\" \/>\n<meta property=\"article:modified_time\" content=\"2026-03-09T13:48:17+00:00\" \/>\n<meta property=\"og:image\" content=\"https:\/\/wordpress.scheibe-stahl-service.de\/wp-content\/uploads\/2020\/05\/scheibe_stahl_service_arnd_scheibe_geschaeftsfuehrer-300x223.png\" \/>\n<meta name=\"twitter:card\" content=\"summary_large_image\" \/>\n<script type=\"application\/ld+json\" class=\"yoast-schema-graph\">{\"@context\":\"https:\/\/schema.org\",\"@graph\":[{\"@type\":\"WebSite\",\"@id\":\"https:\/\/www.scheibe-stahl-service.de\/en\/#website\",\"url\":\"https:\/\/www.scheibe-stahl-service.de\/en\/\",\"name\":\"Scheibe Stahl Service\",\"description\":\"Ihr Schneid- und Brennbetrieb speziell f\\u00fcr den Maschinen- und Pressenbau und die Offshore-Industrie.\",\"potentialAction\":[{\"@type\":\"SearchAction\",\"target\":\"https:\/\/www.scheibe-stahl-service.de\/en\/?s={search_term_string}\",\"query-input\":\"required name=search_term_string\"}],\"inLanguage\":\"en-US\"},{\"@type\":\"ImageObject\",\"@id\":\"https:\/\/www.scheibe-stahl-service.de\/unternehmen-herne\/ueber-uns\/#primaryimage\",\"inLanguage\":\"en-US\",\"url\":\"https:\/\/wordpress.scheibe-stahl-service.de\/wp-content\/uploads\/2020\/05\/scheibe_stahl_service_arnd_scheibe_geschaeftsfuehrer-300x223.png\"},{\"@type\":\"WebPage\",\"@id\":\"https:\/\/www.scheibe-stahl-service.de\/unternehmen-herne\/ueber-uns\/#webpage\",\"url\":\"https:\/\/www.scheibe-stahl-service.de\/unternehmen-herne\/ueber-uns\/\",\"name\":\"\\u00dcber uns - Scheibe Stahl Service schneidet Stahl seit 1994\",\"isPartOf\":{\"@id\":\"https:\/\/www.scheibe-stahl-service.de\/en\/#website\"},\"primaryImageOfPage\":{\"@id\":\"https:\/\/www.scheibe-stahl-service.de\/unternehmen-herne\/ueber-uns\/#primaryimage\"},\"datePublished\":\"2020-05-17T11:37:51+00:00\",\"dateModified\":\"2026-03-09T13:48:17+00:00\",\"description\":\"Scheibe Stahl Service in Herne schneidet Stahl seit 1994. Wir bieten logisitsche Vorteile durch unsere Lage am Rhein-Herne-Kanal.\",\"inLanguage\":\"en-US\",\"potentialAction\":[{\"@type\":\"ReadAction\",\"target\":[\"https:\/\/www.scheibe-stahl-service.de\/unternehmen-herne\/ueber-uns\/\"]}]}]}<\/script>\n<!-- \/ Yoast SEO plugin. -->","_links":{"self":[{"href":"https:\/\/www.scheibe-stahl-service.de\/en\/wp-json\/wp\/v2\/pages\/75051"}],"collection":[{"href":"https:\/\/www.scheibe-stahl-service.de\/en\/wp-json\/wp\/v2\/pages"}],"about":[{"href":"https:\/\/www.scheibe-stahl-service.de\/en\/wp-json\/wp\/v2\/types\/page"}],"author":[{"embeddable":true,"href":"https:\/\/www.scheibe-stahl-service.de\/en\/wp-json\/wp\/v2\/users\/1"}],"replies":[{"embeddable":true,"href":"https:\/\/www.scheibe-stahl-service.de\/en\/wp-json\/wp\/v2\/comments?post=75051"}],"version-history":[{"count":137,"href":"https:\/\/www.scheibe-stahl-service.de\/en\/wp-json\/wp\/v2\/pages\/75051\/revisions"}],"predecessor-version":[{"id":78613,"href":"https:\/\/www.scheibe-stahl-service.de\/en\/wp-json\/wp\/v2\/pages\/75051\/revisions\/78613"}],"up":[{"embeddable":true,"href":"https:\/\/www.scheibe-stahl-service.de\/en\/wp-json\/wp\/v2\/pages\/75404"}],"wp:attachment":[{"href":"https:\/\/www.scheibe-stahl-service.de\/en\/wp-json\/wp\/v2\/media?parent=75051"}],"curies":[{"name":"wp","href":"https:\/\/api.w.org\/{rel}","templated":true}]}}