{"id":344,"date":"2015-03-10T02:46:09","date_gmt":"2015-03-10T02:46:09","guid":{"rendered":"https:\/\/structure.thememove.com\/?page_id=344"},"modified":"2024-11-28T13:35:09","modified_gmt":"2024-11-28T11:35:09","slug":"brennschneiden","status":"publish","type":"page","link":"https:\/\/www.scheibe-stahl-service.de\/en\/leistungen\/brennschneiden\/","title":{"rendered":"Brennschneiden"},"content":{"rendered":"<p>[vc_row][vc_column width=&#8220;1\/4&#8243;][vc_column_text][vc_widget_sidebar sidebar_id=&#8220;sidebar&#8220;][\/vc_column_text][\/vc_column][vc_column width=&#8220;1\/2&#8243;][vc_column_text]Wir schneiden CAD\/EDV-gest\u00fctzt s\u00e4mtliche Formteile gem\u00e4\u00df Ihren Vorgaben und Zeichnungen bis zu einer Dicke von <strong>550 mm<\/strong> und einem St\u00fcckgewicht von <strong>50 Tonnen<\/strong>.<br \/>\nUm den heutigen Umweltstandards gerecht zu werden, arbeiten unsere <strong>autogenen Brennschneidmaschinen<\/strong> auf einem \u00fcber <strong>58 Meter <\/strong>langen und einem <strong>41 Meter<\/strong> langen Wasserbett, sodass die Emissionen direkt gebunden werden.<\/p>\n<p>Durch die Erweiterung unseres Maschinenparks im Jahre 2023 um eine neue CNC Brennschneidmaschine mit einem Dreibrennerdrehaggregat k\u00f6nnen wir Brennteile\/Grobbleche bis zu einer L\u00e4nge von <strong>41 Metern<\/strong> zeitgleich brennen und <strong>fasen.<\/strong>[\/vc_column_text][\/vc_column][vc_column width=&#8220;1\/4&#8243; el_class=&#8220;align-center&#8220;][vc_row_inner el_class=&#8220;align-center&#8220;][vc_column_inner][vc_column_text css=&#8220;.vc_custom_1614781336960{padding-top: 30px !important;padding-bottom: 10px !important;}&#8220; el_class=&#8220;align-center&#8220;]<\/p>\n<p style=\"text-align: center;\"><strong>Abmessungen<\/strong><\/p>\n<p>[\/vc_column_text][\/vc_column_inner][\/vc_row_inner][vc_column_text css=&#8220;.vc_custom_1677675070369{padding-top: 20px !important;padding-bottom: 20px !important;}&#8220;]<\/p>\n<ul class=\"listing\">\n<li><i class=\"fa fa-check\"><\/i>Dicken bis zu\u00a0 \u00a0 \u00a0 \u00a0 \u00a0 \u00a0 \u00a0 \u00a0550 mm<\/li>\n<li><i class=\"fa fa-check\"><\/i>Breiten bis zu\u00a0 \u00a0 \u00a0 \u00a0 \u00a0 8.000 mm<\/li>\n<li><i class=\"fa fa-check\"><\/i>L\u00e4ngen bis zu\u00a0 \u00a0 \u00a0 \u00a0 41.000 mm<\/li>\n<\/ul>\n<p>[\/vc_column_text][vc_btn title=&#8220;Ihre Anfrage&#8220; style=&#8220;custom&#8220; custom_background=&#8220;#008fd3&#8243; custom_text=&#8220;#ffffff&#8220; size=&#8220;sm&#8220; link=&#8220;url:https%3A%2F%2Fwordpress.scheibe-stahl-service.de%2Fkontakt%2F|title:Kontakt||&#8220; el_class=&#8220;align-center&#8220; css=&#8220;.vc_custom_1614781037864{padding-top: 10px !important;}&#8220;][\/vc_column][\/vc_row][vc_row][vc_column css=&#8220;.vc_custom_1614857237027{margin-top: 20px !important;margin-bottom: 20px !important;}&#8220;][vc_separator border_width=&#8220;5&#8243; css=&#8220;.vc_custom_1614857186610{background-color: #d1d1d1 !important;}&#8220;][vc_column_text css=&#8220;.vc_custom_1732793697081{margin-top: 20px !important;}&#8220;]In unserer \u00fcber 3.600 m\u00b2 gro\u00dfen Produktionshalle fertigen wir hochwertige Brennteile f\u00fcr national sowie international t\u00e4tige Unternehmen. Zu unseren Hauptabnehmern z\u00e4hlen namhafte Unternehmen aus den Bereichen Maschinenbau, Pressenbau, Werkzeugbau, Fahrbahnbleche und der Offshore-Industrie (Windkraftanlagen). Aus qualitativ hochwertigen Grobblechen\/Brammen brennen wir mit einem Gas-Sauerstoff-Gemisch ma\u00dfgenau Ihre Brennteile. Anschlie\u00dfend werden die Brennteile selbstverst\u00e4ndlich verputzt, entgratet, auf Ebenheit gepr\u00fcft und bei Bedarf gerichtet.[\/vc_column_text][\/vc_column][\/vc_row]<\/p>","protected":false},"excerpt":{"rendered":"<p>[vc_row][vc_column width=&#8220;1\/4&#8243;][vc_column_text][vc_widget_sidebar sidebar_id=&#8220;sidebar&#8220;][\/vc_column_text][\/vc_column][vc_column width=&#8220;1\/2&#8243;][vc_column_text]Wir schneiden CAD\/EDV-gest\u00fctzt s\u00e4mtliche Formteile gem\u00e4\u00df Ihren Vorgaben und Zeichnungen bis zu einer Dicke von 550 mm und einem St\u00fcckgewicht von 50 Tonnen. Um den heutigen Umweltstandards gerecht zu werden, arbeiten unsere autogenen Brennschneidmaschinen auf einem \u00fcber 58 Meter langen und einem 41 Meter langen Wasserbett, sodass die Emissionen direkt gebunden werden. [&hellip;]<\/p>","protected":false},"author":1,"featured_media":0,"parent":73053,"menu_order":0,"comment_status":"closed","ping_status":"closed","template":"","meta":{"_monsterinsights_skip_tracking":false,"_monsterinsights_sitenote_active":false,"_monsterinsights_sitenote_note":"","_monsterinsights_sitenote_category":0},"yoast_head":"<!-- This site is optimized with the Yoast SEO plugin v14.9 - https:\/\/yoast.com\/wordpress\/plugins\/seo\/ -->\n<title>Brennschneiden - Scheibe Stahl Service - Herne<\/title>\n<meta name=\"description\" content=\"Scheibe Stahl Service \u2013 Ihr leistungsstarker Stahl Partner im Ruhrgebiet seit 1994: Brennschneiden | Richten | Strahlen | Umschlag | Lager\" \/>\n<meta name=\"robots\" content=\"index, follow, max-snippet:-1, max-image-preview:large, max-video-preview:-1\" \/>\n<link rel=\"canonical\" href=\"https:\/\/www.scheibe-stahl-service.de\/en\/leistungen\/brennschneiden\/\" \/>\n<meta property=\"og:locale\" content=\"en_US\" \/>\n<meta property=\"og:type\" content=\"article\" \/>\n<meta property=\"og:title\" content=\"Brennschneiden - Scheibe Stahl Service - Herne\" \/>\n<meta property=\"og:description\" content=\"Scheibe Stahl Service \u2013 Ihr leistungsstarker Stahl Partner im Ruhrgebiet seit 1994: Brennschneiden | Richten | Strahlen | Umschlag | Lager\" \/>\n<meta property=\"og:url\" content=\"https:\/\/www.scheibe-stahl-service.de\/en\/leistungen\/brennschneiden\/\" \/>\n<meta property=\"og:site_name\" content=\"Scheibe Stahl Service\" \/>\n<meta property=\"article:modified_time\" content=\"2024-11-28T11:35:09+00:00\" \/>\n<meta name=\"twitter:card\" content=\"summary_large_image\" \/>\n<script type=\"application\/ld+json\" class=\"yoast-schema-graph\">{\"@context\":\"https:\/\/schema.org\",\"@graph\":[{\"@type\":\"WebSite\",\"@id\":\"https:\/\/www.scheibe-stahl-service.de\/en\/#website\",\"url\":\"https:\/\/www.scheibe-stahl-service.de\/en\/\",\"name\":\"Scheibe Stahl Service\",\"description\":\"Ihr Schneid- und Brennbetrieb speziell f\\u00fcr den Maschinen- und Pressenbau und die Offshore-Industrie.\",\"potentialAction\":[{\"@type\":\"SearchAction\",\"target\":\"https:\/\/www.scheibe-stahl-service.de\/en\/?s={search_term_string}\",\"query-input\":\"required name=search_term_string\"}],\"inLanguage\":\"en-US\"},{\"@type\":\"WebPage\",\"@id\":\"https:\/\/www.scheibe-stahl-service.de\/leistungen\/brennschneiden\/#webpage\",\"url\":\"https:\/\/www.scheibe-stahl-service.de\/leistungen\/brennschneiden\/\",\"name\":\"Brennschneiden - Scheibe Stahl Service - Herne\",\"isPartOf\":{\"@id\":\"https:\/\/www.scheibe-stahl-service.de\/en\/#website\"},\"datePublished\":\"2015-03-10T02:46:09+00:00\",\"dateModified\":\"2024-11-28T11:35:09+00:00\",\"description\":\"Scheibe Stahl Service \\u2013 Ihr leistungsstarker Stahl Partner im Ruhrgebiet seit 1994: Brennschneiden | Richten | Strahlen | Umschlag | Lager\",\"inLanguage\":\"en-US\",\"potentialAction\":[{\"@type\":\"ReadAction\",\"target\":[\"https:\/\/www.scheibe-stahl-service.de\/leistungen\/brennschneiden\/\"]}]}]}<\/script>\n<!-- \/ Yoast SEO plugin. -->","_links":{"self":[{"href":"https:\/\/www.scheibe-stahl-service.de\/en\/wp-json\/wp\/v2\/pages\/344"}],"collection":[{"href":"https:\/\/www.scheibe-stahl-service.de\/en\/wp-json\/wp\/v2\/pages"}],"about":[{"href":"https:\/\/www.scheibe-stahl-service.de\/en\/wp-json\/wp\/v2\/types\/page"}],"author":[{"embeddable":true,"href":"https:\/\/www.scheibe-stahl-service.de\/en\/wp-json\/wp\/v2\/users\/1"}],"replies":[{"embeddable":true,"href":"https:\/\/www.scheibe-stahl-service.de\/en\/wp-json\/wp\/v2\/comments?post=344"}],"version-history":[{"count":114,"href":"https:\/\/www.scheibe-stahl-service.de\/en\/wp-json\/wp\/v2\/pages\/344\/revisions"}],"predecessor-version":[{"id":78589,"href":"https:\/\/www.scheibe-stahl-service.de\/en\/wp-json\/wp\/v2\/pages\/344\/revisions\/78589"}],"up":[{"embeddable":true,"href":"https:\/\/www.scheibe-stahl-service.de\/en\/wp-json\/wp\/v2\/pages\/73053"}],"wp:attachment":[{"href":"https:\/\/www.scheibe-stahl-service.de\/en\/wp-json\/wp\/v2\/media?parent=344"}],"curies":[{"name":"wp","href":"https:\/\/api.w.org\/{rel}","templated":true}]}}